{"id":3,"date":"2019-05-05T15:53:57","date_gmt":"2019-05-05T15:53:57","guid":{"rendered":"https:\/\/sbtrade.com.br\/?page_id=3"},"modified":"2021-03-24T11:41:48","modified_gmt":"2021-03-24T14:41:48","slug":"politica-de-privacidade","status":"publish","type":"page","link":"https:\/\/sbtrade.com.br\/zh\/politica-de-privacidade\/","title":{"rendered":"\u9690\u79c1\u653f\u7b56"},"content":{"rendered":"<h1 class=\"wp-block-heading\"><b>SB TRADE &#8211; Pol\u00edtica de privacidade<\/b><\/h1>\r\n<p><span style=\"font-weight: 400;\">Como parte das nossas opera\u00e7\u00f5es di\u00e1rias, necessitamos coletar dados pessoais de clientes e potenciais clientes com o intuito de fornecer atrav\u00e9s das nossas comunica\u00e7\u00f5es, os nossos produtos e servi\u00e7os alinhados aos valores, interesses e perfil de cada usu\u00e1rio. Al\u00e9m disso, podemos informar voc\u00ea sobre futuras altera\u00e7\u00f5es ou melhorias em nossos servi\u00e7os. A garantia da confidencialidade dos dados pessoais dos utilizadores do nosso site \u00e9 de suma import\u00e2ncia para a SB Trade. Todas as informa\u00e7\u00f5es pessoais relativas a membros, assinantes, clientes ou visitantes que usem a SB Trade ser\u00e3o tratadas em concord\u00e2ncia com a Lei Geral de Prote\u00e7\u00e3o de Dados Pessoais de 14 de agosto de 2018 (Lei 13.709\/2018).<\/span><\/p>\r\n<p><span style=\"font-weight: 400;\">O tratamento dos dados ser\u00e1 feito pela SB Trade, a qual \u00e9 dada como o conceito V, previsto na Lei 13.709\/2018 como \u201ccontrolador\u201d, ou seja, pessoa natural ou jur\u00eddica, de direito p\u00fablico ou privado, a quem competem as decis\u00f5es referentes ao tratamento de dados pessoais. A informa\u00e7\u00e3o pessoal recolhida pode incluir o seu nome, e-mail, n\u00famero de telefone e\/ou celular, endere\u00e7o, data de nascimento, CPF, CNPJ e\/ou outros.<\/span><\/p>\r\n<p><span style=\"font-weight: 400;\">O uso da SB Trade pressup\u00f5e a aceita\u00e7\u00e3o deste Acordo de Privacidade, a SB Trade reserva-se ao direito de alterar este acordo sem aviso pr\u00e9vio. Deste modo, recomendamos que consulte a nossa pol\u00edtica de privacidade com regularidade de forma a estar sempre atualizado. Se houver necessidade ou d\u00favida sobre nossa pol\u00edtica de privacidade, voc\u00ea pode entrar em contato conosco atrav\u00e9s do email <\/span><a href=\"mailto:contato@sbtrade.com.br\"><span style=\"font-weight: 400;\">contato@sbtrade.com.br<\/span><\/a><span style=\"font-weight: 400;\">.<\/span><\/p>\r\n<h2><b>Os Cookies e Web Beacons<\/b><\/h2>\r\n<p><span style=\"font-weight: 400;\">Tal como outros websites, coletamos e utilizamos informa\u00e7\u00f5es de navega\u00e7\u00e3o, que inclui o seu endere\u00e7o IP (Internet Protocol), o seu ISP (Internet Service Provider, como o Sapo, Clix, ou outro), o browser que utilizou ao visitar o nosso website (como o Internet Explorer ou o Firefox), o tempo da sua visita e que p\u00e1ginas visitou dentro do nosso website.Utilizamos cookies para armazenar informa\u00e7\u00e3o, tais como, as suas prefer\u00eancias pessoais quando visita o nosso website. Isto poder\u00e1 incluir um simples popup, ou uma liga\u00e7\u00e3o em v\u00e1rios servi\u00e7os que providenciamos, tais como Google Analytics. Voc\u00ea det\u00e9m o poder de desligar os seus cookies, nas op\u00e7\u00f5es do seu browser, ou, efetuando altera\u00e7\u00f5es nas ferramentas de programas Anti-Virus, como o Norton Internet Security. No entanto, isso poder\u00e1 alterar a forma como interage com o nosso website, ou outros websites. Desta forma, a altera\u00e7\u00e3o poder\u00e1 afetar ou n\u00e3o permitir que fa\u00e7a logins em programas, sites ou f\u00f3runs da nossa e de outras redes. (precisamos conferir se \u00e9 isso mesmo).<\/span><\/p>\r\n<p><b>Liga\u00e7\u00f5es \u00e0 ferramentas de terceiros<\/b><\/p>\r\n<p><span style=\"font-weight: 400;\">A SB Trade possui liga\u00e7\u00f5es com outros sites, os quais, ao nosso ver, podem conter\u00a0 informa\u00e7\u00f5es e\/ou ferramentas \u00fateis para os nossos visitantes. S\u00e3o eles:\u00a0<\/span><\/p>\r\n<p><b>RD STATION:\u00a0<\/b><\/p>\r\n<p><span style=\"font-weight: 400;\">\u2013 An\u00e1lises gerais dos acessos;\u00a0<\/span><\/p>\r\n<p><span style=\"font-weight: 400;\">\u2013 Preenchimento de formul\u00e1rios (cadastros);\u00a0<\/span><\/p>\r\n<p><span style=\"font-weight: 400;\">\u2013 Disparo de e-mail marketing.\u00a0<\/span><\/p>\r\n<p><b>FACEBOOK ADS\u00a0<\/b><\/p>\r\n<p><span style=\"font-weight: 400;\">\u2013 An\u00fancios para determinadas segmenta\u00e7\u00f5es.\u00a0<\/span><\/p>\r\n<p><b>GOOGLE ADS\u00a0\u00a0<\/b><\/p>\r\n<p><span style=\"font-weight: 400;\">\u2013 An\u00fancios em rede de pesquisa para determinadas segmenta\u00e7\u00f5es.\u00a0<\/span><\/p>\r\n<p><b>OFERTAS DIRETAS:\u00a0<\/b><\/p>\r\n<p><span style=\"font-weight: 400;\">\u2013 Liga\u00e7\u00e3o ou envio de SMS para celulares cadastrados;\u00a0\u00a0<\/span><\/p>\r\n<p><span style=\"font-weight: 400;\">\u2013 Envio de mensagem para n\u00fameros com perfis nos aplicativos Whatsapp, Telegram, e demais aplicativos de mensagens vinculados ao telefone.<\/span><\/p>\r\n<p><span style=\"font-weight: 400;\">Desta forma, os dados coletados em nosso site ficam armazenados indefinidamente nos\u00a0 sistemas dessas ferramentas a partir do momento do seu primeiro acesso ou cadastro atrav\u00e9s\u00a0 de formul\u00e1rios de nossa autoria. A nossa pol\u00edtica de privacidade n\u00e3o \u00e9 aplicada a sites de\u00a0 terceiros, pelo que, caso visite outro site a partir do nosso dever\u00e1 ler a politica de privacidade do mesmo.\u00a0\u00a0<\/span><\/p>\r\n<p><span style=\"font-weight: 400;\">Caso queira realizar o descadastramento (opt-out) em nossa base de dados, entre em contato.<\/span><\/p>","protected":false},"excerpt":{"rendered":"<p>SB TRADE &#8211; Pol\u00edtica de privacidade Como parte das nossas opera\u00e7\u00f5es di\u00e1rias, necessitamos coletar dados pessoais de clientes e potenciais clientes com o intuito de fornecer atrav\u00e9s das nossas comunica\u00e7\u00f5es, os nossos produtos e servi\u00e7os alinhados aos valores, interesses e perfil de cada usu\u00e1rio. Al\u00e9m disso, podemos informar voc\u00ea sobre futuras altera\u00e7\u00f5es ou melhorias em [&hellip;]<\/p>\n","protected":false},"author":1,"featured_media":0,"parent":0,"menu_order":0,"comment_status":"closed","ping_status":"closed","template":"","meta":{"_monsterinsights_skip_tracking":false,"_monsterinsights_sitenote_active":false,"_monsterinsights_sitenote_note":"","_monsterinsights_sitenote_category":0,"ocean_post_layout":"","ocean_both_sidebars_style":"","ocean_both_sidebars_content_width":0,"ocean_both_sidebars_sidebars_width":0,"ocean_sidebar":"0","ocean_second_sidebar":"0","ocean_disable_margins":"enable","ocean_add_body_class":"","ocean_shortcode_before_top_bar":"","ocean_shortcode_after_top_bar":"","ocean_shortcode_before_header":"","ocean_shortcode_after_header":"","ocean_has_shortcode":"","ocean_shortcode_after_title":"","ocean_shortcode_before_footer_widgets":"","ocean_shortcode_after_footer_widgets":"","ocean_shortcode_before_footer_bottom":"","ocean_shortcode_after_footer_bottom":"","ocean_display_top_bar":"default","ocean_display_header":"default","ocean_header_style":"","ocean_center_header_left_menu":"0","ocean_custom_header_template":"0","ocean_custom_logo":0,"ocean_custom_retina_logo":0,"ocean_custom_logo_max_width":0,"ocean_custom_logo_tablet_max_width":0,"ocean_custom_logo_mobile_max_width":0,"ocean_custom_logo_max_height":0,"ocean_custom_logo_tablet_max_height":0,"ocean_custom_logo_mobile_max_height":0,"ocean_header_custom_menu":"0","ocean_menu_typo_font_family":"0","ocean_menu_typo_font_subset":"","ocean_menu_typo_font_size":0,"ocean_menu_typo_font_size_tablet":0,"ocean_menu_typo_font_size_mobile":0,"ocean_menu_typo_font_size_unit":"px","ocean_menu_typo_font_weight":"","ocean_menu_typo_font_weight_tablet":"","ocean_menu_typo_font_weight_mobile":"","ocean_menu_typo_transform":"","ocean_menu_typo_transform_tablet":"","ocean_menu_typo_transform_mobile":"","ocean_menu_typo_line_height":0,"ocean_menu_typo_line_height_tablet":0,"ocean_menu_typo_line_height_mobile":0,"ocean_menu_typo_line_height_unit":"","ocean_menu_typo_spacing":0,"ocean_menu_typo_spacing_tablet":0,"ocean_menu_typo_spacing_mobile":0,"ocean_menu_typo_spacing_unit":"","ocean_menu_link_color":"","ocean_menu_link_color_hover":"","ocean_menu_link_color_active":"","ocean_menu_link_background":"","ocean_menu_link_hover_background":"","ocean_menu_link_active_background":"","ocean_menu_social_links_bg":"","ocean_menu_social_hover_links_bg":"","ocean_menu_social_links_color":"","ocean_menu_social_hover_links_color":"","ocean_disable_title":"default","ocean_disable_heading":"default","ocean_post_title":"","ocean_post_subheading":"","ocean_post_title_style":"","ocean_post_title_background_color":"","ocean_post_title_background":0,"ocean_post_title_bg_image_position":"","ocean_post_title_bg_image_attachment":"","ocean_post_title_bg_image_repeat":"","ocean_post_title_bg_image_size":"","ocean_post_title_height":0,"ocean_post_title_bg_overlay":0.5,"ocean_post_title_bg_overlay_color":"","ocean_disable_breadcrumbs":"default","ocean_breadcrumbs_color":"","ocean_breadcrumbs_separator_color":"","ocean_breadcrumbs_links_color":"","ocean_breadcrumbs_links_hover_color":"","ocean_display_footer_widgets":"default","ocean_display_footer_bottom":"default","ocean_custom_footer_template":"0","footnotes":""},"class_list":["post-3","page","type-page","status-publish","hentry","entry"],"yoast_head":"<!-- This site is optimized with the Yoast SEO plugin v27.2 - https:\/\/yoast.com\/product\/yoast-seo-wordpress\/ -->\n<title>Pol\u00edtica de Privacidade - SB Trade<\/title>\n<meta name=\"robots\" content=\"index, follow, max-snippet:-1, max-image-preview:large, max-video-preview:-1\" \/>\n<link rel=\"canonical\" href=\"https:\/\/sbtrade.com.br\/zh\/politica-de-privacidade\/\" \/>\n<meta property=\"og:locale\" content=\"zh_CN\" \/>\n<meta property=\"og:type\" content=\"article\" \/>\n<meta property=\"og:title\" content=\"Pol\u00edtica de Privacidade - SB Trade\" \/>\n<meta property=\"og:description\" content=\"SB TRADE &#8211; Pol\u00edtica de privacidade Como parte das nossas opera\u00e7\u00f5es di\u00e1rias, necessitamos coletar dados pessoais de clientes e potenciais clientes com o intuito de fornecer atrav\u00e9s das nossas comunica\u00e7\u00f5es, os nossos produtos e servi\u00e7os alinhados aos valores, interesses e perfil de cada usu\u00e1rio. Al\u00e9m disso, podemos informar voc\u00ea sobre futuras altera\u00e7\u00f5es ou melhorias em [&hellip;]\" \/>\n<meta property=\"og:url\" content=\"https:\/\/sbtrade.com.br\/zh\/politica-de-privacidade\/\" \/>\n<meta property=\"og:site_name\" content=\"SB Trade\" \/>\n<meta property=\"article:modified_time\" content=\"2021-03-24T14:41:48+00:00\" \/>\n<meta name=\"twitter:card\" content=\"summary_large_image\" \/>\n<meta name=\"twitter:label1\" content=\"\u9884\u8ba1\u9605\u8bfb\u65f6\u95f4\" \/>\n\t<meta name=\"twitter:data1\" content=\"3 \u5206\" \/>\n<script type=\"application\/ld+json\" class=\"yoast-schema-graph\">{\"@context\":\"https:\/\/schema.org\",\"@graph\":[{\"@type\":\"WebPage\",\"@id\":\"https:\/\/sbtrade.com.br\/politica-de-privacidade\/\",\"url\":\"https:\/\/sbtrade.com.br\/politica-de-privacidade\/\",\"name\":\"Pol\u00edtica de Privacidade - SB Trade\",\"isPartOf\":{\"@id\":\"https:\/\/sbtrade.com.br\/#website\"},\"datePublished\":\"2019-05-05T15:53:57+00:00\",\"dateModified\":\"2021-03-24T14:41:48+00:00\",\"breadcrumb\":{\"@id\":\"https:\/\/sbtrade.com.br\/politica-de-privacidade\/#breadcrumb\"},\"inLanguage\":\"zh-Hans\",\"potentialAction\":[{\"@type\":\"ReadAction\",\"target\":[\"https:\/\/sbtrade.com.br\/politica-de-privacidade\/\"]}]},{\"@type\":\"BreadcrumbList\",\"@id\":\"https:\/\/sbtrade.com.br\/politica-de-privacidade\/#breadcrumb\",\"itemListElement\":[{\"@type\":\"ListItem\",\"position\":1,\"name\":\"In\u00edcio\",\"item\":\"https:\/\/sbtrade.com.br\/\"},{\"@type\":\"ListItem\",\"position\":2,\"name\":\"Pol\u00edtica de Privacidade\"}]},{\"@type\":\"WebSite\",\"@id\":\"https:\/\/sbtrade.com.br\/#website\",\"url\":\"https:\/\/sbtrade.com.br\/\",\"name\":\"SB Trade\",\"description\":\"SB Trade Com\u00e9rcio Exterior - Importa\u00e7\u00e3o, Exporta\u00e7\u00e3o e Assessoria.\",\"publisher\":{\"@id\":\"https:\/\/sbtrade.com.br\/#organization\"},\"potentialAction\":[{\"@type\":\"SearchAction\",\"target\":{\"@type\":\"EntryPoint\",\"urlTemplate\":\"https:\/\/sbtrade.com.br\/?s={search_term_string}\"},\"query-input\":{\"@type\":\"PropertyValueSpecification\",\"valueRequired\":true,\"valueName\":\"search_term_string\"}}],\"inLanguage\":\"zh-Hans\"},{\"@type\":\"Organization\",\"@id\":\"https:\/\/sbtrade.com.br\/#organization\",\"name\":\"SB Trade\",\"url\":\"https:\/\/sbtrade.com.br\/\",\"logo\":{\"@type\":\"ImageObject\",\"inLanguage\":\"zh-Hans\",\"@id\":\"https:\/\/sbtrade.com.br\/#\/schema\/logo\/image\/\",\"url\":\"https:\/\/sbtrade.com.br\/wp-content\/uploads\/2023\/01\/Logo-SB-AZUL-1.png\",\"contentUrl\":\"https:\/\/sbtrade.com.br\/wp-content\/uploads\/2023\/01\/Logo-SB-AZUL-1.png\",\"width\":467,\"height\":199,\"caption\":\"SB Trade\"},\"image\":{\"@id\":\"https:\/\/sbtrade.com.br\/#\/schema\/logo\/image\/\"}}]}<\/script>\n<!-- \/ Yoast SEO plugin. -->","yoast_head_json":{"title":"Pol\u00edtica de Privacidade - SB Trade","robots":{"index":"index","follow":"follow","max-snippet":"max-snippet:-1","max-image-preview":"max-image-preview:large","max-video-preview":"max-video-preview:-1"},"canonical":"https:\/\/sbtrade.com.br\/zh\/politica-de-privacidade\/","og_locale":"zh_CN","og_type":"article","og_title":"Pol\u00edtica de Privacidade - SB Trade","og_description":"SB TRADE &#8211; Pol\u00edtica de privacidade Como parte das nossas opera\u00e7\u00f5es di\u00e1rias, necessitamos coletar dados pessoais de clientes e potenciais clientes com o intuito de fornecer atrav\u00e9s das nossas comunica\u00e7\u00f5es, os nossos produtos e servi\u00e7os alinhados aos valores, interesses e perfil de cada usu\u00e1rio. Al\u00e9m disso, podemos informar voc\u00ea sobre futuras altera\u00e7\u00f5es ou melhorias em [&hellip;]","og_url":"https:\/\/sbtrade.com.br\/zh\/politica-de-privacidade\/","og_site_name":"SB Trade","article_modified_time":"2021-03-24T14:41:48+00:00","twitter_card":"summary_large_image","twitter_misc":{"\u9884\u8ba1\u9605\u8bfb\u65f6\u95f4":"3 \u5206"},"schema":{"@context":"https:\/\/schema.org","@graph":[{"@type":"WebPage","@id":"https:\/\/sbtrade.com.br\/politica-de-privacidade\/","url":"https:\/\/sbtrade.com.br\/politica-de-privacidade\/","name":"Pol\u00edtica de Privacidade - SB Trade","isPartOf":{"@id":"https:\/\/sbtrade.com.br\/#website"},"datePublished":"2019-05-05T15:53:57+00:00","dateModified":"2021-03-24T14:41:48+00:00","breadcrumb":{"@id":"https:\/\/sbtrade.com.br\/politica-de-privacidade\/#breadcrumb"},"inLanguage":"zh-Hans","potentialAction":[{"@type":"ReadAction","target":["https:\/\/sbtrade.com.br\/politica-de-privacidade\/"]}]},{"@type":"BreadcrumbList","@id":"https:\/\/sbtrade.com.br\/politica-de-privacidade\/#breadcrumb","itemListElement":[{"@type":"ListItem","position":1,"name":"In\u00edcio","item":"https:\/\/sbtrade.com.br\/"},{"@type":"ListItem","position":2,"name":"Pol\u00edtica de Privacidade"}]},{"@type":"WebSite","@id":"https:\/\/sbtrade.com.br\/#website","url":"https:\/\/sbtrade.com.br\/","name":"SB Trade","description":"SB Trade Com\u00e9rcio Exterior - Importa\u00e7\u00e3o, Exporta\u00e7\u00e3o e Assessoria.","publisher":{"@id":"https:\/\/sbtrade.com.br\/#organization"},"potentialAction":[{"@type":"SearchAction","target":{"@type":"EntryPoint","urlTemplate":"https:\/\/sbtrade.com.br\/?s={search_term_string}"},"query-input":{"@type":"PropertyValueSpecification","valueRequired":true,"valueName":"search_term_string"}}],"inLanguage":"zh-Hans"},{"@type":"Organization","@id":"https:\/\/sbtrade.com.br\/#organization","name":"SB Trade","url":"https:\/\/sbtrade.com.br\/","logo":{"@type":"ImageObject","inLanguage":"zh-Hans","@id":"https:\/\/sbtrade.com.br\/#\/schema\/logo\/image\/","url":"https:\/\/sbtrade.com.br\/wp-content\/uploads\/2023\/01\/Logo-SB-AZUL-1.png","contentUrl":"https:\/\/sbtrade.com.br\/wp-content\/uploads\/2023\/01\/Logo-SB-AZUL-1.png","width":467,"height":199,"caption":"SB Trade"},"image":{"@id":"https:\/\/sbtrade.com.br\/#\/schema\/logo\/image\/"}}]}},"_links":{"self":[{"href":"https:\/\/sbtrade.com.br\/zh\/wp-json\/wp\/v2\/pages\/3","targetHints":{"allow":["GET"]}}],"collection":[{"href":"https:\/\/sbtrade.com.br\/zh\/wp-json\/wp\/v2\/pages"}],"about":[{"href":"https:\/\/sbtrade.com.br\/zh\/wp-json\/wp\/v2\/types\/page"}],"author":[{"embeddable":true,"href":"https:\/\/sbtrade.com.br\/zh\/wp-json\/wp\/v2\/users\/1"}],"replies":[{"embeddable":true,"href":"https:\/\/sbtrade.com.br\/zh\/wp-json\/wp\/v2\/comments?post=3"}],"version-history":[{"count":3,"href":"https:\/\/sbtrade.com.br\/zh\/wp-json\/wp\/v2\/pages\/3\/revisions"}],"predecessor-version":[{"id":1435,"href":"https:\/\/sbtrade.com.br\/zh\/wp-json\/wp\/v2\/pages\/3\/revisions\/1435"}],"wp:attachment":[{"href":"https:\/\/sbtrade.com.br\/zh\/wp-json\/wp\/v2\/media?parent=3"}],"curies":[{"name":"wp","href":"https:\/\/api.w.org\/{rel}","templated":true}]}}