{"id":995,"date":"2019-05-07T15:47:06","date_gmt":"2019-05-07T15:47:06","guid":{"rendered":"https:\/\/sbtrade.com.br\/?page_id=995"},"modified":"2024-11-29T13:32:37","modified_gmt":"2024-11-29T16:32:37","slug":"servicos","status":"publish","type":"page","link":"https:\/\/sbtrade.com.br\/es\/servicos\/","title":{"rendered":"Servicios"},"content":{"rendered":"\t\t<div data-elementor-type=\"wp-post\" data-elementor-id=\"995\" class=\"elementor elementor-995\" data-elementor-post-type=\"page\">\n\t\t\t\t\t\t<section class=\"elementor-section elementor-top-section elementor-element elementor-element-23123be2 elementor-section-boxed elementor-section-height-default elementor-section-height-default\" data-id=\"23123be2\" data-element_type=\"section\" data-e-type=\"section\">\n\t\t\t\t\t\t<div class=\"elementor-container elementor-column-gap-default\">\n\t\t\t\t\t<div class=\"elementor-column elementor-col-100 elementor-top-column elementor-element elementor-element-25c02e5\" data-id=\"25c02e5\" data-element_type=\"column\" data-e-type=\"column\">\n\t\t\t<div class=\"elementor-widget-wrap elementor-element-populated\">\n\t\t\t\t\t\t<div class=\"elementor-element elementor-element-36038852 elementor-widget elementor-widget-heading\" data-id=\"36038852\" data-element_type=\"widget\" data-e-type=\"widget\" data-widget_type=\"heading.default\">\n\t\t\t\t<div class=\"elementor-widget-container\">\n\t\t\t\t\t<h2 class=\"elementor-heading-title elementor-size-default\">Conhe\u00e7a os servi\u00e7os da SB Trade<\/h2>\t\t\t\t<\/div>\n\t\t\t\t<\/div>\n\t\t\t\t<div class=\"elementor-element elementor-element-235eea6b elementor-widget-divider--view-line elementor-widget elementor-widget-divider\" data-id=\"235eea6b\" data-element_type=\"widget\" data-e-type=\"widget\" data-widget_type=\"divider.default\">\n\t\t\t\t<div class=\"elementor-widget-container\">\n\t\t\t\t\t\t\t<div class=\"elementor-divider\">\n\t\t\t<span class=\"elementor-divider-separator\">\n\t\t\t\t\t\t<\/span>\n\t\t<\/div>\n\t\t\t\t\t\t<\/div>\n\t\t\t\t<\/div>\n\t\t\t\t<div class=\"elementor-element elementor-element-46b348f6 elementor-widget elementor-widget-text-editor\" data-id=\"46b348f6\" data-element_type=\"widget\" data-e-type=\"widget\" data-widget_type=\"text-editor.default\">\n\t\t\t\t<div class=\"elementor-widget-container\">\n\t\t\t\t\t\t\t\t\t<p><span style=\"font-weight: 400;\">Os servi\u00e7os da SB Trade s\u00e3o completos e personalizados, tornando os processos de importa\u00e7\u00e3o e exporta\u00e7\u00e3o eficientes e previs\u00edveis. Com isso, trazemos agilidade e minimizamos os custos das opera\u00e7\u00f5es.<\/span><\/p><p><span style=\"font-weight: 400;\">Gerenciamos e executamos todas as etapas do processo de importa\u00e7\u00e3o e exporta\u00e7\u00e3o, apresentando solu\u00e7\u00f5es integradas desde a busca pelo comprador\/vendedor, contrata\u00e7\u00e3o de seguro e transporte internacional, o desembara\u00e7o aduaneiro, confec\u00e7\u00e3o, envio e recebimento de documenta\u00e7\u00e3o, at\u00e9 a entrega do produto no destino.<\/span><\/p><p><span style=\"font-weight: 400;\">Clique abaixo para saber mais sobre cada servi\u00e7o:<\/span><\/p>\t\t\t\t\t\t\t\t<\/div>\n\t\t\t\t<\/div>\n\t\t\t\t\t<\/div>\n\t\t<\/div>\n\t\t\t\t\t<\/div>\n\t\t<\/section>\n\t\t\t\t<section class=\"elementor-section elementor-top-section elementor-element elementor-element-3afb7b7 elementor-section-boxed elementor-section-height-default elementor-section-height-default\" data-id=\"3afb7b7\" data-element_type=\"section\" data-e-type=\"section\">\n\t\t\t\t\t\t<div class=\"elementor-container elementor-column-gap-default\">\n\t\t\t\t\t<div class=\"elementor-column elementor-col-33 elementor-top-column elementor-element elementor-element-fb1e2bd\" data-id=\"fb1e2bd\" data-element_type=\"column\" data-e-type=\"column\">\n\t\t\t<div class=\"elementor-widget-wrap elementor-element-populated\">\n\t\t\t\t\t\t<div class=\"elementor-element elementor-element-900da35 elementor-widget elementor-widget-heading\" data-id=\"900da35\" data-element_type=\"widget\" data-e-type=\"widget\" data-widget_type=\"heading.default\">\n\t\t\t\t<div class=\"elementor-widget-container\">\n\t\t\t\t\t<h2 class=\"elementor-heading-title elementor-size-default\">Importa\u00e7\u00e3o<\/h2>\t\t\t\t<\/div>\n\t\t\t\t<\/div>\n\t\t\t\t<div class=\"elementor-element elementor-element-1a67d24 elementor-widget elementor-widget-image\" data-id=\"1a67d24\" data-element_type=\"widget\" data-e-type=\"widget\" data-widget_type=\"image.default\">\n\t\t\t\t<div class=\"elementor-widget-container\">\n\t\t\t\t\t\t\t\t\t\t\t\t\t\t\t\t<a href=\"https:\/\/sbtrade.com.br\/importacao\/\">\n\t\t\t\t\t\t\t<img decoding=\"async\" src=\"https:\/\/sbtrade.com.br\/wp-content\/uploads\/elementor\/thumbs\/servicos-1-ou9b2fgoowtqe8s8rzf284wb9yod64oz9ifdiuzii8.png\" title=\"servi\u00e7os 1\" alt=\"servi\u00e7os 1\" loading=\"lazy\" \/>\t\t\t\t\t\t\t\t<\/a>\n\t\t\t\t\t\t\t\t\t\t\t\t\t\t\t<\/div>\n\t\t\t\t<\/div>\n\t\t\t\t\t<\/div>\n\t\t<\/div>\n\t\t\t\t<div class=\"elementor-column elementor-col-33 elementor-top-column elementor-element elementor-element-5f3f7f3\" data-id=\"5f3f7f3\" data-element_type=\"column\" data-e-type=\"column\">\n\t\t\t<div class=\"elementor-widget-wrap elementor-element-populated\">\n\t\t\t\t\t\t<div class=\"elementor-element elementor-element-f9813aa elementor-widget elementor-widget-heading\" data-id=\"f9813aa\" data-element_type=\"widget\" data-e-type=\"widget\" data-widget_type=\"heading.default\">\n\t\t\t\t<div class=\"elementor-widget-container\">\n\t\t\t\t\t<h2 class=\"elementor-heading-title elementor-size-default\">Exporta\u00e7\u00e3o<\/h2>\t\t\t\t<\/div>\n\t\t\t\t<\/div>\n\t\t\t\t<div class=\"elementor-element elementor-element-3bb35b4 elementor-widget elementor-widget-image\" data-id=\"3bb35b4\" data-element_type=\"widget\" data-e-type=\"widget\" data-widget_type=\"image.default\">\n\t\t\t\t<div class=\"elementor-widget-container\">\n\t\t\t\t\t\t\t\t\t\t\t\t\t\t\t\t<a href=\"https:\/\/sbtrade.com.br\/exportacao\/\">\n\t\t\t\t\t\t\t<img decoding=\"async\" src=\"https:\/\/sbtrade.com.br\/wp-content\/uploads\/elementor\/thumbs\/servicos-2-ou9b2nx8ef5baqfyel2pckrgmfio3emkaoaqucmyy8.png\" title=\"servi\u00e7os 2\" alt=\"servi\u00e7os 2\" loading=\"lazy\" \/>\t\t\t\t\t\t\t\t<\/a>\n\t\t\t\t\t\t\t\t\t\t\t\t\t\t\t<\/div>\n\t\t\t\t<\/div>\n\t\t\t\t\t<\/div>\n\t\t<\/div>\n\t\t\t\t<div class=\"elementor-column elementor-col-33 elementor-top-column elementor-element elementor-element-8419624\" data-id=\"8419624\" data-element_type=\"column\" data-e-type=\"column\">\n\t\t\t<div class=\"elementor-widget-wrap elementor-element-populated\">\n\t\t\t\t\t\t<div class=\"elementor-element elementor-element-be88f5a elementor-widget elementor-widget-heading\" data-id=\"be88f5a\" data-element_type=\"widget\" data-e-type=\"widget\" data-widget_type=\"heading.default\">\n\t\t\t\t<div class=\"elementor-widget-container\">\n\t\t\t\t\t<h2 class=\"elementor-heading-title elementor-size-default\">Assessoria<\/h2>\t\t\t\t<\/div>\n\t\t\t\t<\/div>\n\t\t\t\t<div class=\"elementor-element elementor-element-e324358 elementor-widget elementor-widget-image\" data-id=\"e324358\" data-element_type=\"widget\" data-e-type=\"widget\" data-widget_type=\"image.default\">\n\t\t\t\t<div class=\"elementor-widget-container\">\n\t\t\t\t\t\t\t\t\t\t\t\t\t\t\t\t<a href=\"https:\/\/sbtrade.com.br\/assessoria\/\">\n\t\t\t\t\t\t\t<img decoding=\"async\" src=\"https:\/\/sbtrade.com.br\/wp-content\/uploads\/elementor\/thumbs\/12591-AGO20-Material-Grafico-Banners-Home-Site-banner-4-ou99dcw6nf822bhse32oq1p5tpou238t78io0njcs0.png\" title=\"12591 &#8211; AGO20 &#8211; Material Gr\u00e1fico &#8211; Banners Home Site [banner 4]\" alt=\"12591 - AGO20 - Material Gr\u00e1fico - Banners Home Site [banner 4]\" loading=\"lazy\" \/>\t\t\t\t\t\t\t\t<\/a>\n\t\t\t\t\t\t\t\t\t\t\t\t\t\t\t<\/div>\n\t\t\t\t<\/div>\n\t\t\t\t\t<\/div>\n\t\t<\/div>\n\t\t\t\t\t<\/div>\n\t\t<\/section>\n\t\t\t\t<section class=\"elementor-section elementor-top-section elementor-element elementor-element-6ab5fa71 elementor-section-boxed elementor-section-height-default elementor-section-height-default\" data-id=\"6ab5fa71\" data-element_type=\"section\" data-e-type=\"section\" data-settings=\"{&quot;background_background&quot;:&quot;classic&quot;}\">\n\t\t\t\t\t\t\t<div class=\"elementor-background-overlay\"><\/div>\n\t\t\t\t\t\t\t<div class=\"elementor-container elementor-column-gap-default\">\n\t\t\t\t\t<div class=\"elementor-column elementor-col-100 elementor-top-column elementor-element elementor-element-4ca8b85e\" data-id=\"4ca8b85e\" data-element_type=\"column\" data-e-type=\"column\" data-settings=\"{&quot;background_background&quot;:&quot;classic&quot;}\">\n\t\t\t<div class=\"elementor-widget-wrap elementor-element-populated\">\n\t\t\t\t\t\t<div class=\"elementor-element elementor-element-5b39885c elementor-widget elementor-widget-heading\" data-id=\"5b39885c\" data-element_type=\"widget\" data-e-type=\"widget\" data-widget_type=\"heading.default\">\n\t\t\t\t<div class=\"elementor-widget-container\">\n\t\t\t\t\t<h2 class=\"elementor-heading-title elementor-size-default\">QUER MAIS INFORMA\u00c7\u00d5ES SOBRE NOSSOS SERVI\u00c7OS?<BR>\nFALE CONOSCO:<\/h2>\t\t\t\t<\/div>\n\t\t\t\t<\/div>\n\t\t\t\t<div class=\"elementor-element elementor-element-40be3f6b elementor-widget elementor-widget-shortcode\" data-id=\"40be3f6b\" data-element_type=\"widget\" data-e-type=\"widget\" data-widget_type=\"shortcode.default\">\n\t\t\t\t<div class=\"elementor-widget-container\">\n\t\t\t\t\t\t\t<div class=\"elementor-shortcode\"><div class=\"wpforms-container wpforms-container-full\" id=\"wpforms-824\"><form id=\"wpforms-form-824\" class=\"wpforms-validate wpforms-form\" data-formid=\"824\" method=\"post\" enctype=\"multipart\/form-data\" action=\"\/es\/wp-json\/wp\/v2\/pages\/995\" data-token=\"cdfdb57fcd553f83e43c78bc6a1b74cd\" data-token-time=\"1777124722\"><noscript class=\"wpforms-error-noscript\">Por favor, activa JavaScript en tu navegador para completar este formulario.<\/noscript><div class=\"wpforms-field-container\"><div id=\"wpforms-824-field_0-container\" class=\"wpforms-field wpforms-field-name\" data-field-id=\"0\"><label class=\"wpforms-field-label wpforms-label-hide\" for=\"wpforms-824-field_0\">Nome <span class=\"wpforms-required-label\">*<\/span><\/label><input type=\"text\" id=\"wpforms-824-field_0\" class=\"wpforms-field-large wpforms-field-required\" name=\"wpforms[fields][0]\" placeholder=\"Nome\" required><\/div><div id=\"wpforms-824-field_1-container\" class=\"wpforms-field wpforms-field-email\" data-field-id=\"1\"><label class=\"wpforms-field-label wpforms-label-hide\" for=\"wpforms-824-field_1\">Email <span class=\"wpforms-required-label\">*<\/span><\/label><input type=\"email\" id=\"wpforms-824-field_1\" class=\"wpforms-field-large wpforms-field-required\" name=\"wpforms[fields][1]\" placeholder=\"Email\" spellcheck=\"false\" required><\/div><div id=\"wpforms-824-field_3-container\" class=\"wpforms-field wpforms-field-text\" data-field-id=\"3\"><label class=\"wpforms-field-label wpforms-label-hide\" for=\"wpforms-824-field_3\">Telefone <span class=\"wpforms-required-label\">*<\/span><\/label><input type=\"text\" id=\"wpforms-824-field_3\" class=\"wpforms-field-large wpforms-field-required\" name=\"wpforms[fields][3]\" placeholder=\"Telefone\" required><\/div><div id=\"wpforms-824-field_7-container\" class=\"wpforms-field wpforms-field-name\" data-field-id=\"7\"><label class=\"wpforms-field-label wpforms-label-hide\" for=\"wpforms-824-field_7\">Empresa <span class=\"wpforms-required-label\">*<\/span><\/label><input type=\"text\" id=\"wpforms-824-field_7\" class=\"wpforms-field-large wpforms-field-required\" name=\"wpforms[fields][7]\" placeholder=\"Empresa\" required><\/div><div id=\"wpforms-824-field_2-container\" class=\"wpforms-field wpforms-field-textarea\" data-field-id=\"2\"><label class=\"wpforms-field-label wpforms-label-hide\" for=\"wpforms-824-field_2\">Mensagem <span class=\"wpforms-required-label\">*<\/span><\/label><textarea id=\"wpforms-824-field_2\" class=\"wpforms-field-large wpforms-field-required\" name=\"wpforms[fields][2]\" placeholder=\"Mensagem\" required><\/textarea><\/div><\/div><!-- .wpforms-field-container --><div class=\"wpforms-field wpforms-field-hp\"><label for=\"wpforms-824-field-hp\" class=\"wpforms-field-label\">Message<\/label><input type=\"text\" name=\"wpforms[hp]\" id=\"wpforms-824-field-hp\" class=\"wpforms-field-medium\"><\/div><div class=\"wpforms-submit-container\" ><input type=\"hidden\" name=\"wpforms[id]\" value=\"824\"><input type=\"hidden\" name=\"page_title\" value=\"\"><input type=\"hidden\" name=\"page_url\" value=\"https:\/\/sbtrade.com.br\/es\/wp-json\/wp\/v2\/pages\/995\"><input type=\"hidden\" name=\"url_referer\" value=\"\"><button type=\"submit\" name=\"wpforms[submit]\" id=\"wpforms-submit-824\" class=\"wpforms-submit\" data-alt-text=\"Enviando ...\" data-submit-text=\"Enviar Mensagem\" aria-live=\"assertive\" value=\"wpforms-submit\">Enviar Mensagem<\/button><\/div><\/form><\/div>  <!-- .wpforms-container --><\/div>\n\t\t\t\t\t\t<\/div>\n\t\t\t\t<\/div>\n\t\t\t\t\t<\/div>\n\t\t<\/div>\n\t\t\t\t\t<\/div>\n\t\t<\/section>\n\t\t\t\t<\/div>\n\t\t","protected":false},"excerpt":{"rendered":"<p>Conhe\u00e7a os servi\u00e7os da SB Trade Os servi\u00e7os da SB Trade s\u00e3o completos e personalizados, tornando os processos de importa\u00e7\u00e3o e exporta\u00e7\u00e3o eficientes e previs\u00edveis. Com isso, trazemos agilidade e minimizamos os custos das opera\u00e7\u00f5es. Gerenciamos e executamos todas as etapas do processo de importa\u00e7\u00e3o e exporta\u00e7\u00e3o, apresentando solu\u00e7\u00f5es integradas desde a busca pelo comprador\/vendedor, [&hellip;]<\/p>\n","protected":false},"author":1,"featured_media":0,"parent":0,"menu_order":0,"comment_status":"closed","ping_status":"closed","template":"","meta":{"_monsterinsights_skip_tracking":false,"_monsterinsights_sitenote_active":false,"_monsterinsights_sitenote_note":"","_monsterinsights_sitenote_category":0,"ocean_post_layout":"full-screen","ocean_both_sidebars_style":"","ocean_both_sidebars_content_width":0,"ocean_both_sidebars_sidebars_width":0,"ocean_sidebar":"0","ocean_second_sidebar":"0","ocean_disable_margins":"enable","ocean_add_body_class":"","ocean_shortcode_before_top_bar":"","ocean_shortcode_after_top_bar":"","ocean_shortcode_before_header":"","ocean_shortcode_after_header":"","ocean_has_shortcode":"","ocean_shortcode_after_title":"","ocean_shortcode_before_footer_widgets":"","ocean_shortcode_after_footer_widgets":"","ocean_shortcode_before_footer_bottom":"","ocean_shortcode_after_footer_bottom":"","ocean_display_top_bar":"default","ocean_display_header":"default","ocean_header_style":"","ocean_center_header_left_menu":"0","ocean_custom_header_template":"0","ocean_custom_logo":0,"ocean_custom_retina_logo":0,"ocean_custom_logo_max_width":0,"ocean_custom_logo_tablet_max_width":0,"ocean_custom_logo_mobile_max_width":0,"ocean_custom_logo_max_height":0,"ocean_custom_logo_tablet_max_height":0,"ocean_custom_logo_mobile_max_height":0,"ocean_header_custom_menu":"0","ocean_menu_typo_font_family":"0","ocean_menu_typo_font_subset":"","ocean_menu_typo_font_size":0,"ocean_menu_typo_font_size_tablet":0,"ocean_menu_typo_font_size_mobile":0,"ocean_menu_typo_font_size_unit":"px","ocean_menu_typo_font_weight":"","ocean_menu_typo_font_weight_tablet":"","ocean_menu_typo_font_weight_mobile":"","ocean_menu_typo_transform":"","ocean_menu_typo_transform_tablet":"","ocean_menu_typo_transform_mobile":"","ocean_menu_typo_line_height":0,"ocean_menu_typo_line_height_tablet":0,"ocean_menu_typo_line_height_mobile":0,"ocean_menu_typo_line_height_unit":"","ocean_menu_typo_spacing":0,"ocean_menu_typo_spacing_tablet":0,"ocean_menu_typo_spacing_mobile":0,"ocean_menu_typo_spacing_unit":"","ocean_menu_link_color":"","ocean_menu_link_color_hover":"","ocean_menu_link_color_active":"","ocean_menu_link_background":"","ocean_menu_link_hover_background":"","ocean_menu_link_active_background":"","ocean_menu_social_links_bg":"","ocean_menu_social_hover_links_bg":"","ocean_menu_social_links_color":"","ocean_menu_social_hover_links_color":"","ocean_disable_title":"default","ocean_disable_heading":"default","ocean_post_title":"","ocean_post_subheading":"","ocean_post_title_style":"","ocean_post_title_background_color":"","ocean_post_title_background":889,"ocean_post_title_bg_image_position":"","ocean_post_title_bg_image_attachment":"","ocean_post_title_bg_image_repeat":"","ocean_post_title_bg_image_size":"","ocean_post_title_height":0,"ocean_post_title_bg_overlay":0.5,"ocean_post_title_bg_overlay_color":"","ocean_disable_breadcrumbs":"default","ocean_breadcrumbs_color":"","ocean_breadcrumbs_separator_color":"","ocean_breadcrumbs_links_color":"","ocean_breadcrumbs_links_hover_color":"","ocean_display_footer_widgets":"default","ocean_display_footer_bottom":"default","ocean_custom_footer_template":"0","footnotes":""},"class_list":["post-995","page","type-page","status-publish","hentry","entry"],"yoast_head":"<!-- This site is optimized with the Yoast SEO plugin v27.2 - https:\/\/yoast.com\/product\/yoast-seo-wordpress\/ -->\n<title>Servi\u00e7os - SB Trade<\/title>\n<meta name=\"robots\" content=\"index, follow, max-snippet:-1, max-image-preview:large, max-video-preview:-1\" \/>\n<link rel=\"canonical\" href=\"https:\/\/sbtrade.com.br\/es\/servicos\/\" \/>\n<meta property=\"og:locale\" content=\"es_ES\" \/>\n<meta property=\"og:type\" content=\"article\" \/>\n<meta property=\"og:title\" content=\"Servi\u00e7os - SB Trade\" \/>\n<meta property=\"og:description\" content=\"Conhe\u00e7a os servi\u00e7os da SB Trade Os servi\u00e7os da SB Trade s\u00e3o completos e personalizados, tornando os processos de importa\u00e7\u00e3o e exporta\u00e7\u00e3o eficientes e previs\u00edveis. Com isso, trazemos agilidade e minimizamos os custos das opera\u00e7\u00f5es. Gerenciamos e executamos todas as etapas do processo de importa\u00e7\u00e3o e exporta\u00e7\u00e3o, apresentando solu\u00e7\u00f5es integradas desde a busca pelo comprador\/vendedor, [&hellip;]\" \/>\n<meta property=\"og:url\" content=\"https:\/\/sbtrade.com.br\/es\/servicos\/\" \/>\n<meta property=\"og:site_name\" content=\"SB Trade\" \/>\n<meta property=\"article:modified_time\" content=\"2024-11-29T16:32:37+00:00\" \/>\n<meta property=\"og:image\" content=\"https:\/\/sbtrade.com.br\/wp-content\/uploads\/elementor\/thumbs\/servicos-1-ou9b2fgoowtqe8s8rzf284wb9yod64oz9ifdiuzii8.png\" \/>\n<meta name=\"twitter:card\" content=\"summary_large_image\" \/>\n<meta name=\"twitter:label1\" content=\"Tiempo de lectura\" \/>\n\t<meta name=\"twitter:data1\" content=\"2 minutos\" \/>\n<script type=\"application\/ld+json\" class=\"yoast-schema-graph\">{\"@context\":\"https:\/\/schema.org\",\"@graph\":[{\"@type\":\"WebPage\",\"@id\":\"https:\/\/sbtrade.com.br\/servicos\/\",\"url\":\"https:\/\/sbtrade.com.br\/servicos\/\",\"name\":\"Servi\u00e7os - SB Trade\",\"isPartOf\":{\"@id\":\"https:\/\/sbtrade.com.br\/#website\"},\"primaryImageOfPage\":{\"@id\":\"https:\/\/sbtrade.com.br\/servicos\/#primaryimage\"},\"image\":{\"@id\":\"https:\/\/sbtrade.com.br\/servicos\/#primaryimage\"},\"thumbnailUrl\":\"https:\/\/sbtrade.com.br\/wp-content\/uploads\/elementor\/thumbs\/servicos-1-ou9b2fgoowtqe8s8rzf284wb9yod64oz9ifdiuzii8.png\",\"datePublished\":\"2019-05-07T15:47:06+00:00\",\"dateModified\":\"2024-11-29T16:32:37+00:00\",\"breadcrumb\":{\"@id\":\"https:\/\/sbtrade.com.br\/servicos\/#breadcrumb\"},\"inLanguage\":\"es\",\"potentialAction\":[{\"@type\":\"ReadAction\",\"target\":[\"https:\/\/sbtrade.com.br\/servicos\/\"]}]},{\"@type\":\"ImageObject\",\"inLanguage\":\"es\",\"@id\":\"https:\/\/sbtrade.com.br\/servicos\/#primaryimage\",\"url\":\"https:\/\/sbtrade.com.br\/wp-content\/uploads\/elementor\/thumbs\/servicos-1-ou9b2fgoowtqe8s8rzf284wb9yod64oz9ifdiuzii8.png\",\"contentUrl\":\"https:\/\/sbtrade.com.br\/wp-content\/uploads\/elementor\/thumbs\/servicos-1-ou9b2fgoowtqe8s8rzf284wb9yod64oz9ifdiuzii8.png\"},{\"@type\":\"BreadcrumbList\",\"@id\":\"https:\/\/sbtrade.com.br\/servicos\/#breadcrumb\",\"itemListElement\":[{\"@type\":\"ListItem\",\"position\":1,\"name\":\"In\u00edcio\",\"item\":\"https:\/\/sbtrade.com.br\/\"},{\"@type\":\"ListItem\",\"position\":2,\"name\":\"Servi\u00e7os\"}]},{\"@type\":\"WebSite\",\"@id\":\"https:\/\/sbtrade.com.br\/#website\",\"url\":\"https:\/\/sbtrade.com.br\/\",\"name\":\"SB Trade\",\"description\":\"SB Trade Com\u00e9rcio Exterior - Importa\u00e7\u00e3o, Exporta\u00e7\u00e3o e Assessoria.\",\"publisher\":{\"@id\":\"https:\/\/sbtrade.com.br\/#organization\"},\"potentialAction\":[{\"@type\":\"SearchAction\",\"target\":{\"@type\":\"EntryPoint\",\"urlTemplate\":\"https:\/\/sbtrade.com.br\/?s={search_term_string}\"},\"query-input\":{\"@type\":\"PropertyValueSpecification\",\"valueRequired\":true,\"valueName\":\"search_term_string\"}}],\"inLanguage\":\"es\"},{\"@type\":\"Organization\",\"@id\":\"https:\/\/sbtrade.com.br\/#organization\",\"name\":\"SB Trade\",\"url\":\"https:\/\/sbtrade.com.br\/\",\"logo\":{\"@type\":\"ImageObject\",\"inLanguage\":\"es\",\"@id\":\"https:\/\/sbtrade.com.br\/#\/schema\/logo\/image\/\",\"url\":\"https:\/\/sbtrade.com.br\/wp-content\/uploads\/2023\/01\/Logo-SB-AZUL-1.png\",\"contentUrl\":\"https:\/\/sbtrade.com.br\/wp-content\/uploads\/2023\/01\/Logo-SB-AZUL-1.png\",\"width\":467,\"height\":199,\"caption\":\"SB Trade\"},\"image\":{\"@id\":\"https:\/\/sbtrade.com.br\/#\/schema\/logo\/image\/\"}}]}<\/script>\n<!-- \/ Yoast SEO plugin. -->","yoast_head_json":{"title":"Servi\u00e7os - SB Trade","robots":{"index":"index","follow":"follow","max-snippet":"max-snippet:-1","max-image-preview":"max-image-preview:large","max-video-preview":"max-video-preview:-1"},"canonical":"https:\/\/sbtrade.com.br\/es\/servicos\/","og_locale":"es_ES","og_type":"article","og_title":"Servi\u00e7os - SB Trade","og_description":"Conhe\u00e7a os servi\u00e7os da SB Trade Os servi\u00e7os da SB Trade s\u00e3o completos e personalizados, tornando os processos de importa\u00e7\u00e3o e exporta\u00e7\u00e3o eficientes e previs\u00edveis. Com isso, trazemos agilidade e minimizamos os custos das opera\u00e7\u00f5es. Gerenciamos e executamos todas as etapas do processo de importa\u00e7\u00e3o e exporta\u00e7\u00e3o, apresentando solu\u00e7\u00f5es integradas desde a busca pelo comprador\/vendedor, [&hellip;]","og_url":"https:\/\/sbtrade.com.br\/es\/servicos\/","og_site_name":"SB Trade","article_modified_time":"2024-11-29T16:32:37+00:00","og_image":[{"url":"https:\/\/sbtrade.com.br\/wp-content\/uploads\/elementor\/thumbs\/servicos-1-ou9b2fgoowtqe8s8rzf284wb9yod64oz9ifdiuzii8.png","type":"","width":"","height":""}],"twitter_card":"summary_large_image","twitter_misc":{"Tiempo de lectura":"2 minutos"},"schema":{"@context":"https:\/\/schema.org","@graph":[{"@type":"WebPage","@id":"https:\/\/sbtrade.com.br\/servicos\/","url":"https:\/\/sbtrade.com.br\/servicos\/","name":"Servi\u00e7os - SB Trade","isPartOf":{"@id":"https:\/\/sbtrade.com.br\/#website"},"primaryImageOfPage":{"@id":"https:\/\/sbtrade.com.br\/servicos\/#primaryimage"},"image":{"@id":"https:\/\/sbtrade.com.br\/servicos\/#primaryimage"},"thumbnailUrl":"https:\/\/sbtrade.com.br\/wp-content\/uploads\/elementor\/thumbs\/servicos-1-ou9b2fgoowtqe8s8rzf284wb9yod64oz9ifdiuzii8.png","datePublished":"2019-05-07T15:47:06+00:00","dateModified":"2024-11-29T16:32:37+00:00","breadcrumb":{"@id":"https:\/\/sbtrade.com.br\/servicos\/#breadcrumb"},"inLanguage":"es","potentialAction":[{"@type":"ReadAction","target":["https:\/\/sbtrade.com.br\/servicos\/"]}]},{"@type":"ImageObject","inLanguage":"es","@id":"https:\/\/sbtrade.com.br\/servicos\/#primaryimage","url":"https:\/\/sbtrade.com.br\/wp-content\/uploads\/elementor\/thumbs\/servicos-1-ou9b2fgoowtqe8s8rzf284wb9yod64oz9ifdiuzii8.png","contentUrl":"https:\/\/sbtrade.com.br\/wp-content\/uploads\/elementor\/thumbs\/servicos-1-ou9b2fgoowtqe8s8rzf284wb9yod64oz9ifdiuzii8.png"},{"@type":"BreadcrumbList","@id":"https:\/\/sbtrade.com.br\/servicos\/#breadcrumb","itemListElement":[{"@type":"ListItem","position":1,"name":"In\u00edcio","item":"https:\/\/sbtrade.com.br\/"},{"@type":"ListItem","position":2,"name":"Servi\u00e7os"}]},{"@type":"WebSite","@id":"https:\/\/sbtrade.com.br\/#website","url":"https:\/\/sbtrade.com.br\/","name":"SB Trade","description":"SB Trade Com\u00e9rcio Exterior - Importa\u00e7\u00e3o, Exporta\u00e7\u00e3o e Assessoria.","publisher":{"@id":"https:\/\/sbtrade.com.br\/#organization"},"potentialAction":[{"@type":"SearchAction","target":{"@type":"EntryPoint","urlTemplate":"https:\/\/sbtrade.com.br\/?s={search_term_string}"},"query-input":{"@type":"PropertyValueSpecification","valueRequired":true,"valueName":"search_term_string"}}],"inLanguage":"es"},{"@type":"Organization","@id":"https:\/\/sbtrade.com.br\/#organization","name":"SB Trade","url":"https:\/\/sbtrade.com.br\/","logo":{"@type":"ImageObject","inLanguage":"es","@id":"https:\/\/sbtrade.com.br\/#\/schema\/logo\/image\/","url":"https:\/\/sbtrade.com.br\/wp-content\/uploads\/2023\/01\/Logo-SB-AZUL-1.png","contentUrl":"https:\/\/sbtrade.com.br\/wp-content\/uploads\/2023\/01\/Logo-SB-AZUL-1.png","width":467,"height":199,"caption":"SB Trade"},"image":{"@id":"https:\/\/sbtrade.com.br\/#\/schema\/logo\/image\/"}}]}},"_links":{"self":[{"href":"https:\/\/sbtrade.com.br\/es\/wp-json\/wp\/v2\/pages\/995","targetHints":{"allow":["GET"]}}],"collection":[{"href":"https:\/\/sbtrade.com.br\/es\/wp-json\/wp\/v2\/pages"}],"about":[{"href":"https:\/\/sbtrade.com.br\/es\/wp-json\/wp\/v2\/types\/page"}],"author":[{"embeddable":true,"href":"https:\/\/sbtrade.com.br\/es\/wp-json\/wp\/v2\/users\/1"}],"replies":[{"embeddable":true,"href":"https:\/\/sbtrade.com.br\/es\/wp-json\/wp\/v2\/comments?post=995"}],"version-history":[{"count":14,"href":"https:\/\/sbtrade.com.br\/es\/wp-json\/wp\/v2\/pages\/995\/revisions"}],"predecessor-version":[{"id":1861,"href":"https:\/\/sbtrade.com.br\/es\/wp-json\/wp\/v2\/pages\/995\/revisions\/1861"}],"wp:attachment":[{"href":"https:\/\/sbtrade.com.br\/es\/wp-json\/wp\/v2\/media?parent=995"}],"curies":[{"name":"wp","href":"https:\/\/api.w.org\/{rel}","templated":true}]}}