{"id":945,"date":"2019-05-07T04:11:42","date_gmt":"2019-05-07T04:11:42","guid":{"rendered":"https:\/\/sbtrade.com.br\/?page_id=945"},"modified":"2026-04-26T20:04:52","modified_gmt":"2026-04-26T23:04:52","slug":"exportacao","status":"publish","type":"page","link":"https:\/\/sbtrade.com.br\/en\/exportacao\/","title":{"rendered":"Export"},"content":{"rendered":"\t\t<div data-elementor-type=\"wp-post\" data-elementor-id=\"945\" class=\"elementor elementor-945\" data-elementor-post-type=\"page\">\n\t\t\t\t\t\t<section class=\"elementor-section elementor-top-section elementor-element elementor-element-e66b795 elementor-section-boxed elementor-section-height-default elementor-section-height-default\" data-id=\"e66b795\" data-element_type=\"section\" data-e-type=\"section\">\n\t\t\t\t\t\t<div class=\"elementor-container elementor-column-gap-default\">\n\t\t\t\t\t<div class=\"elementor-column elementor-col-100 elementor-top-column elementor-element elementor-element-88fa150\" data-id=\"88fa150\" data-element_type=\"column\" data-e-type=\"column\">\n\t\t\t<div class=\"elementor-widget-wrap elementor-element-populated\">\n\t\t\t\t\t\t<div class=\"elementor-element elementor-element-3a04947 elementor-widget elementor-widget-spacer\" data-id=\"3a04947\" data-element_type=\"widget\" data-e-type=\"widget\" data-widget_type=\"spacer.default\">\n\t\t\t\t<div class=\"elementor-widget-container\">\n\t\t\t\t\t\t\t<div class=\"elementor-spacer\">\n\t\t\t<div class=\"elementor-spacer-inner\"><\/div>\n\t\t<\/div>\n\t\t\t\t\t\t<\/div>\n\t\t\t\t<\/div>\n\t\t\t\t<div class=\"elementor-element elementor-element-c3b6058 elementor-widget elementor-widget-heading\" data-id=\"c3b6058\" data-element_type=\"widget\" data-e-type=\"widget\" data-widget_type=\"heading.default\">\n\t\t\t\t<div class=\"elementor-widget-container\">\n\t\t\t\t\t<h2 class=\"elementor-heading-title elementor-size-default\">Amplie seus neg\u00f3cios, exporte!<\/h2>\t\t\t\t<\/div>\n\t\t\t\t<\/div>\n\t\t\t\t<div class=\"elementor-element elementor-element-fe126de elementor-widget elementor-widget-heading\" data-id=\"fe126de\" data-element_type=\"widget\" data-e-type=\"widget\" data-widget_type=\"heading.default\">\n\t\t\t\t<div class=\"elementor-widget-container\">\n\t\t\t\t\t<h2 class=\"elementor-heading-title elementor-size-default\">Nossa equipe ajuda voc\u00ea a executar sua exporta\u00e7\u00e3o de forma segura e eficiente.<\/h2>\t\t\t\t<\/div>\n\t\t\t\t<\/div>\n\t\t\t\t<div class=\"elementor-element elementor-element-26c29d1 elementor-widget-divider--view-line elementor-widget elementor-widget-divider\" data-id=\"26c29d1\" data-element_type=\"widget\" data-e-type=\"widget\" data-widget_type=\"divider.default\">\n\t\t\t\t<div class=\"elementor-widget-container\">\n\t\t\t\t\t\t\t<div class=\"elementor-divider\">\n\t\t\t<span class=\"elementor-divider-separator\">\n\t\t\t\t\t\t<\/span>\n\t\t<\/div>\n\t\t\t\t\t\t<\/div>\n\t\t\t\t<\/div>\n\t\t\t\t<div class=\"elementor-element elementor-element-b4d4324 elementor-widget elementor-widget-heading\" data-id=\"b4d4324\" data-element_type=\"widget\" data-e-type=\"widget\" data-widget_type=\"heading.default\">\n\t\t\t\t<div class=\"elementor-widget-container\">\n\t\t\t\t\t<h2 class=\"elementor-heading-title elementor-size-large\">Quer a garantia de um neg\u00f3cio seguro?<\/h2>\t\t\t\t<\/div>\n\t\t\t\t<\/div>\n\t\t\t\t<div class=\"elementor-element elementor-element-598f56e elementor-widget elementor-widget-heading\" data-id=\"598f56e\" data-element_type=\"widget\" data-e-type=\"widget\" data-widget_type=\"heading.default\">\n\t\t\t\t<div class=\"elementor-widget-container\">\n\t\t\t\t\t<h2 class=\"elementor-heading-title elementor-size-default\">Deixa que a gente te ajuda! <\/h2>\t\t\t\t<\/div>\n\t\t\t\t<\/div>\n\t\t\t\t<div class=\"elementor-element elementor-element-2155f89 elementor-widget elementor-widget-text-editor\" data-id=\"2155f89\" data-element_type=\"widget\" data-e-type=\"widget\" data-widget_type=\"text-editor.default\">\n\t\t\t\t<div class=\"elementor-widget-container\">\n\t\t\t\t\t\t\t\t\t<p>\u00a0<\/p><p><b><span style=\"font-weight: 400;\">Exportar exige um planejamento log\u00edstico, documental e financeiro. Com a assessoria da equipe SB Trade todo esse fluxo \u00e9 realizado com seguran\u00e7a, para que voc\u00ea fique tranquilo e a opera\u00e7\u00e3o seja um sucesso.<\/span><\/b><\/p><p>\u00a0<\/p>\t\t\t\t\t\t\t\t<\/div>\n\t\t\t\t<\/div>\n\t\t\t\t\t<\/div>\n\t\t<\/div>\n\t\t\t\t\t<\/div>\n\t\t<\/section>\n\t\t\t\t<section class=\"elementor-section elementor-top-section elementor-element elementor-element-5db6a01 elementor-section-boxed elementor-section-height-default elementor-section-height-default\" data-id=\"5db6a01\" data-element_type=\"section\" data-e-type=\"section\">\n\t\t\t\t\t\t<div class=\"elementor-container elementor-column-gap-default\">\n\t\t\t\t\t<div class=\"elementor-column elementor-col-100 elementor-top-column elementor-element elementor-element-68c96d3\" data-id=\"68c96d3\" data-element_type=\"column\" data-e-type=\"column\">\n\t\t\t<div class=\"elementor-widget-wrap elementor-element-populated\">\n\t\t\t\t\t\t<div class=\"elementor-element elementor-element-c2e9b9e elementor-widget elementor-widget-heading\" data-id=\"c2e9b9e\" data-element_type=\"widget\" data-e-type=\"widget\" data-widget_type=\"heading.default\">\n\t\t\t\t<div class=\"elementor-widget-container\">\n\t\t\t\t\t<h2 class=\"elementor-heading-title elementor-size-default\">Fluxograma documental para exporta\u00e7\u00e3o<\/h2>\t\t\t\t<\/div>\n\t\t\t\t<\/div>\n\t\t\t\t<div class=\"elementor-element elementor-element-faaf771 elementor-widget-divider--view-line elementor-widget elementor-widget-divider\" data-id=\"faaf771\" data-element_type=\"widget\" data-e-type=\"widget\" data-widget_type=\"divider.default\">\n\t\t\t\t<div class=\"elementor-widget-container\">\n\t\t\t\t\t\t\t<div class=\"elementor-divider\">\n\t\t\t<span class=\"elementor-divider-separator\">\n\t\t\t\t\t\t<\/span>\n\t\t<\/div>\n\t\t\t\t\t\t<\/div>\n\t\t\t\t<\/div>\n\t\t\t\t<div class=\"elementor-element elementor-element-1ca748c elementor-widget elementor-widget-image\" data-id=\"1ca748c\" data-element_type=\"widget\" data-e-type=\"widget\" data-widget_type=\"image.default\">\n\t\t\t\t<div class=\"elementor-widget-container\">\n\t\t\t\t\t\t\t\t\t\t\t\t<figure class=\"wp-caption\">\n\t\t\t\t\t\t\t\t\t\t\t<a href=\"https:\/\/sbtrade.com.br\/wp-content\/uploads\/2019\/05\/exportacao-infografico-exp-1024x819.jpg\" data-elementor-open-lightbox=\"yes\" data-elementor-lightbox-title=\"exportacao-infografico-exp-1024x819\" data-e-action-hash=\"#elementor-action%3Aaction%3Dlightbox%26settings%3DeyJpZCI6OTQ3LCJ1cmwiOiJodHRwczpcL1wvc2J0cmFkZS5jb20uYnJcL3dwLWNvbnRlbnRcL3VwbG9hZHNcLzIwMTlcLzA1XC9leHBvcnRhY2FvLWluZm9ncmFmaWNvLWV4cC0xMDI0eDgxOS5qcGcifQ%3D%3D\">\n\t\t\t\t\t\t\t<img fetchpriority=\"high\" decoding=\"async\" width=\"768\" height=\"614\" src=\"https:\/\/sbtrade.com.br\/wp-content\/uploads\/2019\/05\/exportacao-infografico-exp-1024x819-768x614.jpg\" class=\"attachment-medium_large size-medium_large wp-image-947\" alt=\"\" srcset=\"https:\/\/sbtrade.com.br\/wp-content\/uploads\/2019\/05\/exportacao-infografico-exp-1024x819-768x614.jpg 768w, https:\/\/sbtrade.com.br\/wp-content\/uploads\/2019\/05\/exportacao-infografico-exp-1024x819-300x240.jpg 300w, https:\/\/sbtrade.com.br\/wp-content\/uploads\/2019\/05\/exportacao-infografico-exp-1024x819.jpg 1024w\" sizes=\"(max-width: 768px) 100vw, 768px\" \/>\t\t\t\t\t\t\t\t<\/a>\n\t\t\t\t\t\t\t\t\t\t\t<figcaption class=\"widget-image-caption wp-caption-text\">Clique na imagem para ver em detalhes.<\/figcaption>\n\t\t\t\t\t\t\t\t\t\t<\/figure>\n\t\t\t\t\t\t\t\t\t<\/div>\n\t\t\t\t<\/div>\n\t\t\t\t\t<\/div>\n\t\t<\/div>\n\t\t\t\t\t<\/div>\n\t\t<\/section>\n\t\t\t\t<section class=\"elementor-section elementor-top-section elementor-element elementor-element-7513ec29 elementor-section-boxed elementor-section-height-default elementor-section-height-default\" data-id=\"7513ec29\" data-element_type=\"section\" data-e-type=\"section\" data-settings=\"{&quot;background_background&quot;:&quot;classic&quot;}\">\n\t\t\t\t\t\t\t<div class=\"elementor-background-overlay\"><\/div>\n\t\t\t\t\t\t\t<div class=\"elementor-container elementor-column-gap-default\">\n\t\t\t\t\t<div class=\"elementor-column elementor-col-100 elementor-top-column elementor-element elementor-element-2603e7ec\" data-id=\"2603e7ec\" data-element_type=\"column\" data-e-type=\"column\" data-settings=\"{&quot;background_background&quot;:&quot;classic&quot;}\">\n\t\t\t<div class=\"elementor-widget-wrap elementor-element-populated\">\n\t\t\t\t\t\t<div class=\"elementor-element elementor-element-3f715cb0 elementor-widget elementor-widget-heading\" data-id=\"3f715cb0\" data-element_type=\"widget\" data-e-type=\"widget\" data-widget_type=\"heading.default\">\n\t\t\t\t<div class=\"elementor-widget-container\">\n\t\t\t\t\t<h2 class=\"elementor-heading-title elementor-size-default\">GOSTARIA DE EXPORTAR SEU PRODUTO?<br>\nFALE CONOSCO:<\/h2>\t\t\t\t<\/div>\n\t\t\t\t<\/div>\n\t\t\t\t<div class=\"elementor-element elementor-element-7ebb611c elementor-widget elementor-widget-shortcode\" data-id=\"7ebb611c\" data-element_type=\"widget\" data-e-type=\"widget\" data-widget_type=\"shortcode.default\">\n\t\t\t\t<div class=\"elementor-widget-container\">\n\t\t\t\t\t\t\t<div class=\"elementor-shortcode\"><div class=\"wpforms-container wpforms-container-full\" id=\"wpforms-824\"><form id=\"wpforms-form-824\" class=\"wpforms-validate wpforms-form\" data-formid=\"824\" method=\"post\" enctype=\"multipart\/form-data\" action=\"\/en\/wp-json\/wp\/v2\/pages\/945\" data-token=\"7aa2b07e9692592f39d017a2f7110502\" data-token-time=\"1777294803\"><noscript class=\"wpforms-error-noscript\">Please enable JavaScript in your browser to complete this form.<\/noscript><div class=\"wpforms-field-container\"><div id=\"wpforms-824-field_0-container\" class=\"wpforms-field wpforms-field-name\" data-field-id=\"0\"><label class=\"wpforms-field-label wpforms-label-hide\" for=\"wpforms-824-field_0\">Nome <span class=\"wpforms-required-label\">*<\/span><\/label><input type=\"text\" id=\"wpforms-824-field_0\" class=\"wpforms-field-large wpforms-field-required\" name=\"wpforms[fields][0]\" placeholder=\"Nome\" required><\/div><div id=\"wpforms-824-field_1-container\" class=\"wpforms-field wpforms-field-email\" data-field-id=\"1\"><label class=\"wpforms-field-label wpforms-label-hide\" for=\"wpforms-824-field_1\">Email <span class=\"wpforms-required-label\">*<\/span><\/label><input type=\"email\" id=\"wpforms-824-field_1\" class=\"wpforms-field-large wpforms-field-required\" name=\"wpforms[fields][1]\" placeholder=\"Email\" spellcheck=\"false\" required><\/div><div id=\"wpforms-824-field_3-container\" class=\"wpforms-field wpforms-field-text\" data-field-id=\"3\"><label class=\"wpforms-field-label wpforms-label-hide\" for=\"wpforms-824-field_3\">Telefone <span class=\"wpforms-required-label\">*<\/span><\/label><input type=\"text\" id=\"wpforms-824-field_3\" class=\"wpforms-field-large wpforms-field-required\" name=\"wpforms[fields][3]\" placeholder=\"Telefone\" required><\/div><div id=\"wpforms-824-field_7-container\" class=\"wpforms-field wpforms-field-name\" data-field-id=\"7\"><label class=\"wpforms-field-label wpforms-label-hide\" for=\"wpforms-824-field_7\">Empresa <span class=\"wpforms-required-label\">*<\/span><\/label><input type=\"text\" id=\"wpforms-824-field_7\" class=\"wpforms-field-large wpforms-field-required\" name=\"wpforms[fields][7]\" placeholder=\"Empresa\" required><\/div><div id=\"wpforms-824-field_2-container\" class=\"wpforms-field wpforms-field-textarea\" data-field-id=\"2\"><label class=\"wpforms-field-label wpforms-label-hide\" for=\"wpforms-824-field_2\">Mensagem <span class=\"wpforms-required-label\">*<\/span><\/label><textarea id=\"wpforms-824-field_2\" class=\"wpforms-field-large wpforms-field-required\" name=\"wpforms[fields][2]\" placeholder=\"Mensagem\" required><\/textarea><\/div><\/div><!-- .wpforms-field-container --><div class=\"wpforms-field wpforms-field-hp\"><label for=\"wpforms-824-field-hp\" class=\"wpforms-field-label\">Message<\/label><input type=\"text\" name=\"wpforms[hp]\" id=\"wpforms-824-field-hp\" class=\"wpforms-field-medium\"><\/div><div class=\"wpforms-submit-container\" ><input type=\"hidden\" name=\"wpforms[id]\" value=\"824\"><input type=\"hidden\" name=\"page_title\" value=\"\"><input type=\"hidden\" name=\"page_url\" value=\"https:\/\/sbtrade.com.br\/en\/wp-json\/wp\/v2\/pages\/945\"><input type=\"hidden\" name=\"url_referer\" value=\"\"><button type=\"submit\" name=\"wpforms[submit]\" id=\"wpforms-submit-824\" class=\"wpforms-submit\" data-alt-text=\"Enviando ...\" data-submit-text=\"Enviar Mensagem\" aria-live=\"assertive\" value=\"wpforms-submit\">Enviar Mensagem<\/button><\/div><\/form><\/div>  <!-- .wpforms-container --><\/div>\n\t\t\t\t\t\t<\/div>\n\t\t\t\t<\/div>\n\t\t\t\t\t<\/div>\n\t\t<\/div>\n\t\t\t\t\t<\/div>\n\t\t<\/section>\n\t\t\t\t<\/div>\n\t\t","protected":false},"excerpt":{"rendered":"<p>Amplie seus neg\u00f3cios, exporte! Nossa equipe ajuda voc\u00ea a executar sua exporta\u00e7\u00e3o de forma segura e eficiente. Quer a garantia de um neg\u00f3cio seguro? Deixa que a gente te ajuda! \u00a0 Exportar exige um planejamento log\u00edstico, documental e financeiro. Com a assessoria da equipe SB Trade todo esse fluxo \u00e9 realizado com seguran\u00e7a, para que [&hellip;]<\/p>\n","protected":false},"author":1,"featured_media":0,"parent":0,"menu_order":0,"comment_status":"closed","ping_status":"closed","template":"","meta":{"_monsterinsights_skip_tracking":false,"_monsterinsights_sitenote_active":false,"_monsterinsights_sitenote_note":"","_monsterinsights_sitenote_category":0,"ocean_post_layout":"full-screen","ocean_both_sidebars_style":"","ocean_both_sidebars_content_width":0,"ocean_both_sidebars_sidebars_width":0,"ocean_sidebar":"0","ocean_second_sidebar":"0","ocean_disable_margins":"enable","ocean_add_body_class":"","ocean_shortcode_before_top_bar":"","ocean_shortcode_after_top_bar":"","ocean_shortcode_before_header":"","ocean_shortcode_after_header":"","ocean_has_shortcode":"","ocean_shortcode_after_title":"","ocean_shortcode_before_footer_widgets":"","ocean_shortcode_after_footer_widgets":"","ocean_shortcode_before_footer_bottom":"","ocean_shortcode_after_footer_bottom":"","ocean_display_top_bar":"default","ocean_display_header":"default","ocean_header_style":"","ocean_center_header_left_menu":"0","ocean_custom_header_template":"0","ocean_custom_logo":0,"ocean_custom_retina_logo":0,"ocean_custom_logo_max_width":0,"ocean_custom_logo_tablet_max_width":0,"ocean_custom_logo_mobile_max_width":0,"ocean_custom_logo_max_height":0,"ocean_custom_logo_tablet_max_height":0,"ocean_custom_logo_mobile_max_height":0,"ocean_header_custom_menu":"0","ocean_menu_typo_font_family":"0","ocean_menu_typo_font_subset":"","ocean_menu_typo_font_size":0,"ocean_menu_typo_font_size_tablet":0,"ocean_menu_typo_font_size_mobile":0,"ocean_menu_typo_font_size_unit":"px","ocean_menu_typo_font_weight":"","ocean_menu_typo_font_weight_tablet":"","ocean_menu_typo_font_weight_mobile":"","ocean_menu_typo_transform":"","ocean_menu_typo_transform_tablet":"","ocean_menu_typo_transform_mobile":"","ocean_menu_typo_line_height":0,"ocean_menu_typo_line_height_tablet":0,"ocean_menu_typo_line_height_mobile":0,"ocean_menu_typo_line_height_unit":"","ocean_menu_typo_spacing":0,"ocean_menu_typo_spacing_tablet":0,"ocean_menu_typo_spacing_mobile":0,"ocean_menu_typo_spacing_unit":"","ocean_menu_link_color":"","ocean_menu_link_color_hover":"","ocean_menu_link_color_active":"","ocean_menu_link_background":"","ocean_menu_link_hover_background":"","ocean_menu_link_active_background":"","ocean_menu_social_links_bg":"","ocean_menu_social_hover_links_bg":"","ocean_menu_social_links_color":"","ocean_menu_social_hover_links_color":"","ocean_disable_title":"default","ocean_disable_heading":"default","ocean_post_title":"","ocean_post_subheading":"","ocean_post_title_style":"","ocean_post_title_background_color":"","ocean_post_title_background":2311,"ocean_post_title_bg_image_position":"center center","ocean_post_title_bg_image_attachment":"scroll","ocean_post_title_bg_image_repeat":"","ocean_post_title_bg_image_size":"cover","ocean_post_title_height":280,"ocean_post_title_bg_overlay":0.7,"ocean_post_title_bg_overlay_color":"#08122d","ocean_disable_breadcrumbs":"default","ocean_breadcrumbs_color":"","ocean_breadcrumbs_separator_color":"","ocean_breadcrumbs_links_color":"","ocean_breadcrumbs_links_hover_color":"","ocean_display_footer_widgets":"default","ocean_display_footer_bottom":"default","ocean_custom_footer_template":"0","footnotes":""},"class_list":["post-945","page","type-page","status-publish","hentry","entry"],"yoast_head":"<!-- This site is optimized with the Yoast SEO plugin v27.2 - https:\/\/yoast.com\/product\/yoast-seo-wordpress\/ -->\n<title>Garanta as melhores vantagens de exporta\u00e7\u00e3o com a SB Trade<\/title>\n<meta name=\"description\" content=\"A SB Trade \u00e9 uma empresa trade consolidada no mercado que garante, com sua expertise e staff qualificado, o melhor processo de exporta\u00e7\u00e3o para sua empresa.\" \/>\n<meta name=\"robots\" content=\"index, follow, max-snippet:-1, max-image-preview:large, max-video-preview:-1\" \/>\n<link rel=\"canonical\" href=\"https:\/\/sbtrade.com.br\/en\/exportacao\/\" \/>\n<meta property=\"og:locale\" content=\"en_US\" \/>\n<meta property=\"og:type\" content=\"article\" \/>\n<meta property=\"og:title\" content=\"Garanta as melhores vantagens de exporta\u00e7\u00e3o com a SB Trade\" \/>\n<meta property=\"og:description\" content=\"A SB Trade \u00e9 uma empresa trade consolidada no mercado que garante, com sua expertise e staff qualificado, o melhor processo de exporta\u00e7\u00e3o para sua empresa.\" \/>\n<meta property=\"og:url\" content=\"https:\/\/sbtrade.com.br\/en\/exportacao\/\" \/>\n<meta property=\"og:site_name\" content=\"SB Trade\" \/>\n<meta property=\"article:modified_time\" content=\"2026-04-26T23:04:52+00:00\" \/>\n<meta property=\"og:image\" content=\"https:\/\/sbtrade.com.br\/wp-content\/uploads\/2019\/05\/exportacao-infografico-exp-1024x819.jpg\" \/>\n\t<meta property=\"og:image:width\" content=\"1024\" \/>\n\t<meta property=\"og:image:height\" content=\"819\" \/>\n\t<meta property=\"og:image:type\" content=\"image\/jpeg\" \/>\n<meta name=\"twitter:card\" content=\"summary_large_image\" \/>\n<meta name=\"twitter:label1\" content=\"Est. reading time\" \/>\n\t<meta name=\"twitter:data1\" content=\"1 minute\" \/>\n<script type=\"application\/ld+json\" class=\"yoast-schema-graph\">{\"@context\":\"https:\/\/schema.org\",\"@graph\":[{\"@type\":\"WebPage\",\"@id\":\"https:\/\/sbtrade.com.br\/exportacao\/\",\"url\":\"https:\/\/sbtrade.com.br\/exportacao\/\",\"name\":\"Garanta as melhores vantagens de exporta\u00e7\u00e3o com a SB Trade\",\"isPartOf\":{\"@id\":\"https:\/\/sbtrade.com.br\/#website\"},\"primaryImageOfPage\":{\"@id\":\"https:\/\/sbtrade.com.br\/exportacao\/#primaryimage\"},\"image\":{\"@id\":\"https:\/\/sbtrade.com.br\/exportacao\/#primaryimage\"},\"thumbnailUrl\":\"https:\/\/sbtrade.com.br\/wp-content\/uploads\/2019\/05\/exportacao-infografico-exp-1024x819-768x614.jpg\",\"datePublished\":\"2019-05-07T04:11:42+00:00\",\"dateModified\":\"2026-04-26T23:04:52+00:00\",\"description\":\"A SB Trade \u00e9 uma empresa trade consolidada no mercado que garante, com sua expertise e staff qualificado, o melhor processo de exporta\u00e7\u00e3o para sua empresa.\",\"breadcrumb\":{\"@id\":\"https:\/\/sbtrade.com.br\/exportacao\/#breadcrumb\"},\"inLanguage\":\"en-US\",\"potentialAction\":[{\"@type\":\"ReadAction\",\"target\":[\"https:\/\/sbtrade.com.br\/exportacao\/\"]}]},{\"@type\":\"ImageObject\",\"inLanguage\":\"en-US\",\"@id\":\"https:\/\/sbtrade.com.br\/exportacao\/#primaryimage\",\"url\":\"https:\/\/sbtrade.com.br\/wp-content\/uploads\/2019\/05\/exportacao-infografico-exp-1024x819-768x614.jpg\",\"contentUrl\":\"https:\/\/sbtrade.com.br\/wp-content\/uploads\/2019\/05\/exportacao-infografico-exp-1024x819-768x614.jpg\"},{\"@type\":\"BreadcrumbList\",\"@id\":\"https:\/\/sbtrade.com.br\/exportacao\/#breadcrumb\",\"itemListElement\":[{\"@type\":\"ListItem\",\"position\":1,\"name\":\"In\u00edcio\",\"item\":\"https:\/\/sbtrade.com.br\/\"},{\"@type\":\"ListItem\",\"position\":2,\"name\":\"Exporta\u00e7\u00e3o\"}]},{\"@type\":\"WebSite\",\"@id\":\"https:\/\/sbtrade.com.br\/#website\",\"url\":\"https:\/\/sbtrade.com.br\/\",\"name\":\"SB Trade\",\"description\":\"SB Trade Com\u00e9rcio Exterior - Importa\u00e7\u00e3o, Exporta\u00e7\u00e3o e Assessoria.\",\"publisher\":{\"@id\":\"https:\/\/sbtrade.com.br\/#organization\"},\"potentialAction\":[{\"@type\":\"SearchAction\",\"target\":{\"@type\":\"EntryPoint\",\"urlTemplate\":\"https:\/\/sbtrade.com.br\/?s={search_term_string}\"},\"query-input\":{\"@type\":\"PropertyValueSpecification\",\"valueRequired\":true,\"valueName\":\"search_term_string\"}}],\"inLanguage\":\"en-US\"},{\"@type\":\"Organization\",\"@id\":\"https:\/\/sbtrade.com.br\/#organization\",\"name\":\"SB Trade\",\"url\":\"https:\/\/sbtrade.com.br\/\",\"logo\":{\"@type\":\"ImageObject\",\"inLanguage\":\"en-US\",\"@id\":\"https:\/\/sbtrade.com.br\/#\/schema\/logo\/image\/\",\"url\":\"https:\/\/sbtrade.com.br\/wp-content\/uploads\/2023\/01\/Logo-SB-AZUL-1.png\",\"contentUrl\":\"https:\/\/sbtrade.com.br\/wp-content\/uploads\/2023\/01\/Logo-SB-AZUL-1.png\",\"width\":467,\"height\":199,\"caption\":\"SB Trade\"},\"image\":{\"@id\":\"https:\/\/sbtrade.com.br\/#\/schema\/logo\/image\/\"}}]}<\/script>\n<!-- \/ Yoast SEO plugin. -->","yoast_head_json":{"title":"Garanta as melhores vantagens de exporta\u00e7\u00e3o com a SB Trade","description":"A SB Trade \u00e9 uma empresa trade consolidada no mercado que garante, com sua expertise e staff qualificado, o melhor processo de exporta\u00e7\u00e3o para sua empresa.","robots":{"index":"index","follow":"follow","max-snippet":"max-snippet:-1","max-image-preview":"max-image-preview:large","max-video-preview":"max-video-preview:-1"},"canonical":"https:\/\/sbtrade.com.br\/en\/exportacao\/","og_locale":"en_US","og_type":"article","og_title":"Garanta as melhores vantagens de exporta\u00e7\u00e3o com a SB Trade","og_description":"A SB Trade \u00e9 uma empresa trade consolidada no mercado que garante, com sua expertise e staff qualificado, o melhor processo de exporta\u00e7\u00e3o para sua empresa.","og_url":"https:\/\/sbtrade.com.br\/en\/exportacao\/","og_site_name":"SB Trade","article_modified_time":"2026-04-26T23:04:52+00:00","og_image":[{"width":1024,"height":819,"url":"https:\/\/sbtrade.com.br\/wp-content\/uploads\/2019\/05\/exportacao-infografico-exp-1024x819.jpg","type":"image\/jpeg"}],"twitter_card":"summary_large_image","twitter_misc":{"Est. reading time":"1 minute"},"schema":{"@context":"https:\/\/schema.org","@graph":[{"@type":"WebPage","@id":"https:\/\/sbtrade.com.br\/exportacao\/","url":"https:\/\/sbtrade.com.br\/exportacao\/","name":"Garanta as melhores vantagens de exporta\u00e7\u00e3o com a SB Trade","isPartOf":{"@id":"https:\/\/sbtrade.com.br\/#website"},"primaryImageOfPage":{"@id":"https:\/\/sbtrade.com.br\/exportacao\/#primaryimage"},"image":{"@id":"https:\/\/sbtrade.com.br\/exportacao\/#primaryimage"},"thumbnailUrl":"https:\/\/sbtrade.com.br\/wp-content\/uploads\/2019\/05\/exportacao-infografico-exp-1024x819-768x614.jpg","datePublished":"2019-05-07T04:11:42+00:00","dateModified":"2026-04-26T23:04:52+00:00","description":"A SB Trade \u00e9 uma empresa trade consolidada no mercado que garante, com sua expertise e staff qualificado, o melhor processo de exporta\u00e7\u00e3o para sua empresa.","breadcrumb":{"@id":"https:\/\/sbtrade.com.br\/exportacao\/#breadcrumb"},"inLanguage":"en-US","potentialAction":[{"@type":"ReadAction","target":["https:\/\/sbtrade.com.br\/exportacao\/"]}]},{"@type":"ImageObject","inLanguage":"en-US","@id":"https:\/\/sbtrade.com.br\/exportacao\/#primaryimage","url":"https:\/\/sbtrade.com.br\/wp-content\/uploads\/2019\/05\/exportacao-infografico-exp-1024x819-768x614.jpg","contentUrl":"https:\/\/sbtrade.com.br\/wp-content\/uploads\/2019\/05\/exportacao-infografico-exp-1024x819-768x614.jpg"},{"@type":"BreadcrumbList","@id":"https:\/\/sbtrade.com.br\/exportacao\/#breadcrumb","itemListElement":[{"@type":"ListItem","position":1,"name":"In\u00edcio","item":"https:\/\/sbtrade.com.br\/"},{"@type":"ListItem","position":2,"name":"Exporta\u00e7\u00e3o"}]},{"@type":"WebSite","@id":"https:\/\/sbtrade.com.br\/#website","url":"https:\/\/sbtrade.com.br\/","name":"SB Trade","description":"SB Trade Com\u00e9rcio Exterior - Importa\u00e7\u00e3o, Exporta\u00e7\u00e3o e Assessoria.","publisher":{"@id":"https:\/\/sbtrade.com.br\/#organization"},"potentialAction":[{"@type":"SearchAction","target":{"@type":"EntryPoint","urlTemplate":"https:\/\/sbtrade.com.br\/?s={search_term_string}"},"query-input":{"@type":"PropertyValueSpecification","valueRequired":true,"valueName":"search_term_string"}}],"inLanguage":"en-US"},{"@type":"Organization","@id":"https:\/\/sbtrade.com.br\/#organization","name":"SB Trade","url":"https:\/\/sbtrade.com.br\/","logo":{"@type":"ImageObject","inLanguage":"en-US","@id":"https:\/\/sbtrade.com.br\/#\/schema\/logo\/image\/","url":"https:\/\/sbtrade.com.br\/wp-content\/uploads\/2023\/01\/Logo-SB-AZUL-1.png","contentUrl":"https:\/\/sbtrade.com.br\/wp-content\/uploads\/2023\/01\/Logo-SB-AZUL-1.png","width":467,"height":199,"caption":"SB Trade"},"image":{"@id":"https:\/\/sbtrade.com.br\/#\/schema\/logo\/image\/"}}]}},"_links":{"self":[{"href":"https:\/\/sbtrade.com.br\/en\/wp-json\/wp\/v2\/pages\/945","targetHints":{"allow":["GET"]}}],"collection":[{"href":"https:\/\/sbtrade.com.br\/en\/wp-json\/wp\/v2\/pages"}],"about":[{"href":"https:\/\/sbtrade.com.br\/en\/wp-json\/wp\/v2\/types\/page"}],"author":[{"embeddable":true,"href":"https:\/\/sbtrade.com.br\/en\/wp-json\/wp\/v2\/users\/1"}],"replies":[{"embeddable":true,"href":"https:\/\/sbtrade.com.br\/en\/wp-json\/wp\/v2\/comments?post=945"}],"version-history":[{"count":16,"href":"https:\/\/sbtrade.com.br\/en\/wp-json\/wp\/v2\/pages\/945\/revisions"}],"predecessor-version":[{"id":1871,"href":"https:\/\/sbtrade.com.br\/en\/wp-json\/wp\/v2\/pages\/945\/revisions\/1871"}],"wp:attachment":[{"href":"https:\/\/sbtrade.com.br\/en\/wp-json\/wp\/v2\/media?parent=945"}],"curies":[{"name":"wp","href":"https:\/\/api.w.org\/{rel}","templated":true}]}}