{"id":1302,"date":"2020-08-21T11:10:46","date_gmt":"2020-08-21T14:10:46","guid":{"rendered":"https:\/\/sbtrade.com.br\/?page_id=1302"},"modified":"2024-11-29T14:24:14","modified_gmt":"2024-11-29T17:24:14","slug":"star-vie","status":"publish","type":"page","link":"https:\/\/sbtrade.com.br\/en\/star-vie\/","title":{"rendered":"StarVie"},"content":{"rendered":"<div data-elementor-type=\"wp-page\" data-elementor-id=\"1302\" class=\"elementor elementor-1302\" data-elementor-post-type=\"page\">\n\t\t\t\t\t\t<section class=\"elementor-section elementor-top-section elementor-element elementor-element-2261c34 elementor-section-boxed elementor-section-height-default elementor-section-height-default\" data-id=\"2261c34\" data-element_type=\"section\" data-e-type=\"section\">\n\t\t\t\t\t\t<div class=\"elementor-container elementor-column-gap-default\">\n\t\t\t\t\t<div class=\"elementor-column elementor-col-100 elementor-top-column elementor-element elementor-element-00e668b\" data-id=\"00e668b\" data-element_type=\"column\" data-e-type=\"column\">\n\t\t\t<div class=\"elementor-widget-wrap elementor-element-populated\">\n\t\t\t\t\t\t<div class=\"elementor-element elementor-element-0964545 elementor-widget elementor-widget-heading\" data-id=\"0964545\" data-element_type=\"widget\" data-e-type=\"widget\" data-widget_type=\"heading.default\">\n\t\t\t\t<div class=\"elementor-widget-container\">\n\t\t\t\t\t<h2 class=\"elementor-heading-title elementor-size-default\">From Europe to Brazil<\/h2>\t\t\t\t<\/div>\n\t\t\t\t<\/div>\n\t\t\t\t<div class=\"elementor-element elementor-element-4e8edd6 elementor-widget elementor-widget-text-editor\" data-id=\"4e8edd6\" data-element_type=\"widget\" data-e-type=\"widget\" data-widget_type=\"text-editor.default\">\n\t\t\t\t<div class=\"elementor-widget-container\">\n\t\t\t\t\t\t\t\t\t<p>Straight from Spain, StarVie is the most complete padel racket brand on the market.<\/p><p>Known for their quality and durability, the rackets feature an ergonomic shape and ideal weight for athletes of the sport, which has already become a sensation in Brazil.<\/p><p>SB Trade is the exclusive importer and distributor of the brand in Brazil, carrying out monthly shipments to meet the demand of Brazilian athletes.<\/p>\t\t\t\t\t\t\t\t<\/div>\n\t\t\t\t<\/div>\n\t\t\t\t<div class=\"elementor-element elementor-element-9e3b948 elementor-widget elementor-widget-heading\" data-id=\"9e3b948\" data-element_type=\"widget\" data-e-type=\"widget\" data-widget_type=\"heading.default\">\n\t\t\t\t<div class=\"elementor-widget-container\">\n\t\t\t\t\t<h2 class=\"elementor-heading-title elementor-size-default\">Check out the most requested models:<\/h2>\t\t\t\t<\/div>\n\t\t\t\t<\/div>\n\t\t\t\t<div class=\"elementor-element elementor-element-aaabd91 elementor-arrows-position-inside elementor-pagination-position-outside elementor-widget elementor-widget-image-carousel\" data-id=\"aaabd91\" data-element_type=\"widget\" data-e-type=\"widget\" data-settings=\"{&quot;slides_to_show&quot;:&quot;2&quot;,&quot;navigation&quot;:&quot;both&quot;,&quot;autoplay&quot;:&quot;yes&quot;,&quot;pause_on_hover&quot;:&quot;yes&quot;,&quot;pause_on_interaction&quot;:&quot;yes&quot;,&quot;autoplay_speed&quot;:5000,&quot;infinite&quot;:&quot;yes&quot;,&quot;speed&quot;:500}\" data-widget_type=\"image-carousel.default\">\n\t\t\t\t<div class=\"elementor-widget-container\">\n\t\t\t\t\t\t\t<div class=\"elementor-image-carousel-wrapper swiper\" role=\"region\" aria-roledescription=\"carousel\" aria-label=\"Carrusel de im\u00e1genes\" dir=\"ltr\" data-no-translation-aria-label=\"\">\n\t\t\t<div class=\"elementor-image-carousel swiper-wrapper\" aria-live=\"off\">\n\t\t\t\t\t\t\t\t<div class=\"swiper-slide\" role=\"group\" aria-roledescription=\"slide\" aria-label=\"1 de 6\" data-no-translation-aria-label=\"\"><figure class=\"swiper-slide-inner\"><img decoding=\"async\" class=\"swiper-slide-image\" src=\"https:\/\/sbtrade.com.br\/wp-content\/uploads\/2020\/08\/Metheora-202x300.jpg\" alt=\"Metheora\" \/><\/figure><\/div><div class=\"swiper-slide\" role=\"group\" aria-roledescription=\"slide\" aria-label=\"2 de 6\" data-no-translation-aria-label=\"\"><figure class=\"swiper-slide-inner\"><img decoding=\"async\" class=\"swiper-slide-image\" src=\"https:\/\/sbtrade.com.br\/wp-content\/uploads\/2020\/08\/Metheora3-202x300.jpg\" alt=\"Metheora3\" \/><\/figure><\/div><div class=\"swiper-slide\" role=\"group\" aria-roledescription=\"slide\" aria-label=\"3 de 6\" data-no-translation-aria-label=\"\"><figure class=\"swiper-slide-inner\"><img decoding=\"async\" class=\"swiper-slide-image\" src=\"https:\/\/sbtrade.com.br\/wp-content\/uploads\/2020\/08\/Raptor-202x300.jpg\" alt=\"Raptor\" \/><\/figure><\/div><div class=\"swiper-slide\" role=\"group\" aria-roledescription=\"slide\" aria-label=\"4 de 6\" data-no-translation-aria-label=\"\"><figure class=\"swiper-slide-inner\"><img decoding=\"async\" class=\"swiper-slide-image\" src=\"https:\/\/sbtrade.com.br\/wp-content\/uploads\/2020\/08\/Raptor2-202x300.jpg\" alt=\"Raptor2\" \/><\/figure><\/div><div class=\"swiper-slide\" role=\"group\" aria-roledescription=\"slide\" aria-label=\"5 de 6\" data-no-translation-aria-label=\"\"><figure class=\"swiper-slide-inner\"><img decoding=\"async\" class=\"swiper-slide-image\" src=\"https:\/\/sbtrade.com.br\/wp-content\/uploads\/2020\/08\/Titania-202x300.jpg\" alt=\"Titania\" \/><\/figure><\/div><div class=\"swiper-slide\" role=\"group\" aria-roledescription=\"slide\" aria-label=\"6 de 6\" data-no-translation-aria-label=\"\"><figure class=\"swiper-slide-inner\"><img decoding=\"async\" class=\"swiper-slide-image\" src=\"https:\/\/sbtrade.com.br\/wp-content\/uploads\/2020\/08\/Titania2-202x300.jpg\" alt=\"Titania2\" \/><\/figure><\/div>\t\t\t<\/div>\n\t\t\t\t\t\t\t\t\t\t\t\t<div class=\"elementor-swiper-button elementor-swiper-button-prev\" role=\"button\" tabindex=\"0\">\n\t\t\t\t\t\t<i aria-hidden=\"true\" class=\"eicon-chevron-left\"><\/i>\t\t\t\t\t<\/div>\n\t\t\t\t\t<div class=\"elementor-swiper-button elementor-swiper-button-next\" role=\"button\" tabindex=\"0\">\n\t\t\t\t\t\t<i aria-hidden=\"true\" class=\"eicon-chevron-right\"><\/i>\t\t\t\t\t<\/div>\n\t\t\t\t\n\t\t\t\t\t\t\t\t\t<div class=\"swiper-pagination\"><\/div>\n\t\t\t\t\t\t\t\t\t<\/div>\n\t\t\t\t\t\t<\/div>\n\t\t\t\t<\/div>\n\t\t\t\t\t<\/div>\n\t\t<\/div>\n\t\t\t\t\t<\/div>\n\t\t<\/section>\n\t\t\t\t<section class=\"elementor-section elementor-top-section elementor-element elementor-element-3dddfb4 elementor-section-boxed elementor-section-height-default elementor-section-height-default\" data-id=\"3dddfb4\" data-element_type=\"section\" data-e-type=\"section\">\n\t\t\t\t\t\t<div class=\"elementor-container elementor-column-gap-default\">\n\t\t\t\t\t<div class=\"elementor-column elementor-col-100 elementor-top-column elementor-element elementor-element-f732a8f\" data-id=\"f732a8f\" data-element_type=\"column\" data-e-type=\"column\">\n\t\t\t<div class=\"elementor-widget-wrap elementor-element-populated\">\n\t\t\t\t\t\t<div class=\"elementor-element elementor-element-fd19966 elementor-widget elementor-widget-image\" data-id=\"fd19966\" data-element_type=\"widget\" data-e-type=\"widget\" data-widget_type=\"image.default\">\n\t\t\t\t<div class=\"elementor-widget-container\">\n\t\t\t\t\t\t\t\t\t\t\t\t\t\t\t<img fetchpriority=\"high\" decoding=\"async\" width=\"1024\" height=\"190\" src=\"https:\/\/sbtrade.com.br\/wp-content\/uploads\/2020\/08\/1ce87337-1756-44bb-b28d-c66a96ca4cc4-1024x190.jpg\" class=\"attachment-large size-large wp-image-1314\" alt=\"\" srcset=\"https:\/\/sbtrade.com.br\/wp-content\/uploads\/2020\/08\/1ce87337-1756-44bb-b28d-c66a96ca4cc4-1024x190.jpg 1024w, https:\/\/sbtrade.com.br\/wp-content\/uploads\/2020\/08\/1ce87337-1756-44bb-b28d-c66a96ca4cc4-300x56.jpg 300w, https:\/\/sbtrade.com.br\/wp-content\/uploads\/2020\/08\/1ce87337-1756-44bb-b28d-c66a96ca4cc4-768x142.jpg 768w, https:\/\/sbtrade.com.br\/wp-content\/uploads\/2020\/08\/1ce87337-1756-44bb-b28d-c66a96ca4cc4.jpg 1280w\" sizes=\"(max-width: 1024px) 100vw, 1024px\" \/>\t\t\t\t\t\t\t\t\t\t\t\t\t\t\t<\/div>\n\t\t\t\t<\/div>\n\t\t\t\t\t<\/div>\n\t\t<\/div>\n\t\t\t\t\t<\/div>\n\t\t<\/section>\n\t\t\t\t<\/div>","protected":false},"excerpt":{"rendered":"<p>Da Europa para o Brasil Diretamente da Espanha, a StarVie \u00e9 a marca de raquetes para padel mais completa que existe mercado. Conhecidas por sua qualidade e durabilidade, as raquetes possuem um formato ergon\u00f4mico e peso ideal para os praticantes do esporte, que j\u00e1 \u00e9 sensa\u00e7\u00e3o no Brasil. A SB Trade \u00e9 a importadora e [&hellip;]<\/p>\n","protected":false},"author":1,"featured_media":0,"parent":0,"menu_order":0,"comment_status":"closed","ping_status":"closed","template":"","meta":{"_monsterinsights_skip_tracking":false,"_monsterinsights_sitenote_active":false,"_monsterinsights_sitenote_note":"","_monsterinsights_sitenote_category":0,"ocean_post_layout":"","ocean_both_sidebars_style":"","ocean_both_sidebars_content_width":0,"ocean_both_sidebars_sidebars_width":0,"ocean_sidebar":"0","ocean_second_sidebar":"0","ocean_disable_margins":"enable","ocean_add_body_class":"","ocean_shortcode_before_top_bar":"","ocean_shortcode_after_top_bar":"","ocean_shortcode_before_header":"","ocean_shortcode_after_header":"","ocean_has_shortcode":"","ocean_shortcode_after_title":"","ocean_shortcode_before_footer_widgets":"","ocean_shortcode_after_footer_widgets":"","ocean_shortcode_before_footer_bottom":"","ocean_shortcode_after_footer_bottom":"","ocean_display_top_bar":"default","ocean_display_header":"default","ocean_header_style":"","ocean_center_header_left_menu":"0","ocean_custom_header_template":"0","ocean_custom_logo":0,"ocean_custom_retina_logo":0,"ocean_custom_logo_max_width":0,"ocean_custom_logo_tablet_max_width":0,"ocean_custom_logo_mobile_max_width":0,"ocean_custom_logo_max_height":0,"ocean_custom_logo_tablet_max_height":0,"ocean_custom_logo_mobile_max_height":0,"ocean_header_custom_menu":"0","ocean_menu_typo_font_family":"0","ocean_menu_typo_font_subset":"","ocean_menu_typo_font_size":0,"ocean_menu_typo_font_size_tablet":0,"ocean_menu_typo_font_size_mobile":0,"ocean_menu_typo_font_size_unit":"px","ocean_menu_typo_font_weight":"","ocean_menu_typo_font_weight_tablet":"","ocean_menu_typo_font_weight_mobile":"","ocean_menu_typo_transform":"","ocean_menu_typo_transform_tablet":"","ocean_menu_typo_transform_mobile":"","ocean_menu_typo_line_height":0,"ocean_menu_typo_line_height_tablet":0,"ocean_menu_typo_line_height_mobile":0,"ocean_menu_typo_line_height_unit":"","ocean_menu_typo_spacing":0,"ocean_menu_typo_spacing_tablet":0,"ocean_menu_typo_spacing_mobile":0,"ocean_menu_typo_spacing_unit":"","ocean_menu_link_color":"","ocean_menu_link_color_hover":"","ocean_menu_link_color_active":"","ocean_menu_link_background":"","ocean_menu_link_hover_background":"","ocean_menu_link_active_background":"","ocean_menu_social_links_bg":"","ocean_menu_social_hover_links_bg":"","ocean_menu_social_links_color":"","ocean_menu_social_hover_links_color":"","ocean_disable_title":"default","ocean_disable_heading":"default","ocean_post_title":"","ocean_post_subheading":"","ocean_post_title_style":"","ocean_post_title_background_color":"","ocean_post_title_background":0,"ocean_post_title_bg_image_position":"","ocean_post_title_bg_image_attachment":"","ocean_post_title_bg_image_repeat":"","ocean_post_title_bg_image_size":"","ocean_post_title_height":0,"ocean_post_title_bg_overlay":0.5,"ocean_post_title_bg_overlay_color":"","ocean_disable_breadcrumbs":"default","ocean_breadcrumbs_color":"","ocean_breadcrumbs_separator_color":"","ocean_breadcrumbs_links_color":"","ocean_breadcrumbs_links_hover_color":"","ocean_display_footer_widgets":"default","ocean_display_footer_bottom":"default","ocean_custom_footer_template":"0","footnotes":""},"class_list":["post-1302","page","type-page","status-publish","hentry","entry"],"yoast_head":"<!-- This site is optimized with the Yoast SEO plugin v27.2 - https:\/\/yoast.com\/product\/yoast-seo-wordpress\/ -->\n<title>StarVie - SB Trade<\/title>\n<meta name=\"description\" content=\"A StarVie \u00e9 a melhor marca de raquetes de padel. A SB Trade atua com a importa\u00e7\u00e3o e oferece as melhores condi\u00e7\u00f5es para o mercado brasileiro.\" \/>\n<meta name=\"robots\" content=\"index, follow, max-snippet:-1, max-image-preview:large, max-video-preview:-1\" \/>\n<link rel=\"canonical\" href=\"https:\/\/sbtrade.com.br\/en\/star-vie\/\" \/>\n<meta property=\"og:locale\" content=\"en_US\" \/>\n<meta property=\"og:type\" content=\"article\" \/>\n<meta property=\"og:title\" content=\"StarVie - SB Trade\" \/>\n<meta property=\"og:description\" content=\"A StarVie \u00e9 a melhor marca de raquetes de padel. A SB Trade atua com a importa\u00e7\u00e3o e oferece as melhores condi\u00e7\u00f5es para o mercado brasileiro.\" \/>\n<meta property=\"og:url\" content=\"https:\/\/sbtrade.com.br\/en\/star-vie\/\" \/>\n<meta property=\"og:site_name\" content=\"SB Trade\" \/>\n<meta property=\"article:modified_time\" content=\"2024-11-29T17:24:14+00:00\" \/>\n<meta property=\"og:image\" content=\"https:\/\/sbtrade.com.br\/wp-content\/uploads\/2020\/08\/Metheora-202x300.jpg\" \/>\n<meta name=\"twitter:card\" content=\"summary_large_image\" \/>\n<meta name=\"twitter:label1\" content=\"Est. reading time\" \/>\n\t<meta name=\"twitter:data1\" content=\"3 minutes\" \/>\n<script type=\"application\/ld+json\" class=\"yoast-schema-graph\">{\"@context\":\"https:\/\/schema.org\",\"@graph\":[{\"@type\":\"WebPage\",\"@id\":\"https:\/\/sbtrade.com.br\/star-vie\/\",\"url\":\"https:\/\/sbtrade.com.br\/star-vie\/\",\"name\":\"StarVie - SB Trade\",\"isPartOf\":{\"@id\":\"https:\/\/sbtrade.com.br\/#website\"},\"primaryImageOfPage\":{\"@id\":\"https:\/\/sbtrade.com.br\/star-vie\/#primaryimage\"},\"image\":{\"@id\":\"https:\/\/sbtrade.com.br\/star-vie\/#primaryimage\"},\"thumbnailUrl\":\"https:\/\/sbtrade.com.br\/wp-content\/uploads\/2020\/08\/Metheora-202x300.jpg\",\"datePublished\":\"2020-08-21T14:10:46+00:00\",\"dateModified\":\"2024-11-29T17:24:14+00:00\",\"description\":\"A StarVie \u00e9 a melhor marca de raquetes de padel. A SB Trade atua com a importa\u00e7\u00e3o e oferece as melhores condi\u00e7\u00f5es para o mercado brasileiro.\",\"breadcrumb\":{\"@id\":\"https:\/\/sbtrade.com.br\/star-vie\/#breadcrumb\"},\"inLanguage\":\"en-US\",\"potentialAction\":[{\"@type\":\"ReadAction\",\"target\":[\"https:\/\/sbtrade.com.br\/star-vie\/\"]}]},{\"@type\":\"ImageObject\",\"inLanguage\":\"en-US\",\"@id\":\"https:\/\/sbtrade.com.br\/star-vie\/#primaryimage\",\"url\":\"https:\/\/sbtrade.com.br\/wp-content\/uploads\/2020\/08\/Metheora-202x300.jpg\",\"contentUrl\":\"https:\/\/sbtrade.com.br\/wp-content\/uploads\/2020\/08\/Metheora-202x300.jpg\"},{\"@type\":\"BreadcrumbList\",\"@id\":\"https:\/\/sbtrade.com.br\/star-vie\/#breadcrumb\",\"itemListElement\":[{\"@type\":\"ListItem\",\"position\":1,\"name\":\"In\u00edcio\",\"item\":\"https:\/\/sbtrade.com.br\/\"},{\"@type\":\"ListItem\",\"position\":2,\"name\":\"StarVie\"}]},{\"@type\":\"WebSite\",\"@id\":\"https:\/\/sbtrade.com.br\/#website\",\"url\":\"https:\/\/sbtrade.com.br\/\",\"name\":\"SB Trade\",\"description\":\"SB Trade Com\u00e9rcio Exterior - Importa\u00e7\u00e3o, Exporta\u00e7\u00e3o e Assessoria.\",\"publisher\":{\"@id\":\"https:\/\/sbtrade.com.br\/#organization\"},\"potentialAction\":[{\"@type\":\"SearchAction\",\"target\":{\"@type\":\"EntryPoint\",\"urlTemplate\":\"https:\/\/sbtrade.com.br\/?s={search_term_string}\"},\"query-input\":{\"@type\":\"PropertyValueSpecification\",\"valueRequired\":true,\"valueName\":\"search_term_string\"}}],\"inLanguage\":\"en-US\"},{\"@type\":\"Organization\",\"@id\":\"https:\/\/sbtrade.com.br\/#organization\",\"name\":\"SB Trade\",\"url\":\"https:\/\/sbtrade.com.br\/\",\"logo\":{\"@type\":\"ImageObject\",\"inLanguage\":\"en-US\",\"@id\":\"https:\/\/sbtrade.com.br\/#\/schema\/logo\/image\/\",\"url\":\"https:\/\/sbtrade.com.br\/wp-content\/uploads\/2023\/01\/Logo-SB-AZUL-1.png\",\"contentUrl\":\"https:\/\/sbtrade.com.br\/wp-content\/uploads\/2023\/01\/Logo-SB-AZUL-1.png\",\"width\":467,\"height\":199,\"caption\":\"SB Trade\"},\"image\":{\"@id\":\"https:\/\/sbtrade.com.br\/#\/schema\/logo\/image\/\"}}]}<\/script>\n<!-- \/ Yoast SEO plugin. -->","yoast_head_json":{"title":"StarVie - SB Trade","description":"A StarVie \u00e9 a melhor marca de raquetes de padel. A SB Trade atua com a importa\u00e7\u00e3o e oferece as melhores condi\u00e7\u00f5es para o mercado brasileiro.","robots":{"index":"index","follow":"follow","max-snippet":"max-snippet:-1","max-image-preview":"max-image-preview:large","max-video-preview":"max-video-preview:-1"},"canonical":"https:\/\/sbtrade.com.br\/en\/star-vie\/","og_locale":"en_US","og_type":"article","og_title":"StarVie - SB Trade","og_description":"A StarVie \u00e9 a melhor marca de raquetes de padel. A SB Trade atua com a importa\u00e7\u00e3o e oferece as melhores condi\u00e7\u00f5es para o mercado brasileiro.","og_url":"https:\/\/sbtrade.com.br\/en\/star-vie\/","og_site_name":"SB Trade","article_modified_time":"2024-11-29T17:24:14+00:00","og_image":[{"url":"https:\/\/sbtrade.com.br\/wp-content\/uploads\/2020\/08\/Metheora-202x300.jpg","type":"","width":"","height":""}],"twitter_card":"summary_large_image","twitter_misc":{"Est. reading time":"3 minutes"},"schema":{"@context":"https:\/\/schema.org","@graph":[{"@type":"WebPage","@id":"https:\/\/sbtrade.com.br\/star-vie\/","url":"https:\/\/sbtrade.com.br\/star-vie\/","name":"StarVie - SB Trade","isPartOf":{"@id":"https:\/\/sbtrade.com.br\/#website"},"primaryImageOfPage":{"@id":"https:\/\/sbtrade.com.br\/star-vie\/#primaryimage"},"image":{"@id":"https:\/\/sbtrade.com.br\/star-vie\/#primaryimage"},"thumbnailUrl":"https:\/\/sbtrade.com.br\/wp-content\/uploads\/2020\/08\/Metheora-202x300.jpg","datePublished":"2020-08-21T14:10:46+00:00","dateModified":"2024-11-29T17:24:14+00:00","description":"A StarVie \u00e9 a melhor marca de raquetes de padel. A SB Trade atua com a importa\u00e7\u00e3o e oferece as melhores condi\u00e7\u00f5es para o mercado brasileiro.","breadcrumb":{"@id":"https:\/\/sbtrade.com.br\/star-vie\/#breadcrumb"},"inLanguage":"en-US","potentialAction":[{"@type":"ReadAction","target":["https:\/\/sbtrade.com.br\/star-vie\/"]}]},{"@type":"ImageObject","inLanguage":"en-US","@id":"https:\/\/sbtrade.com.br\/star-vie\/#primaryimage","url":"https:\/\/sbtrade.com.br\/wp-content\/uploads\/2020\/08\/Metheora-202x300.jpg","contentUrl":"https:\/\/sbtrade.com.br\/wp-content\/uploads\/2020\/08\/Metheora-202x300.jpg"},{"@type":"BreadcrumbList","@id":"https:\/\/sbtrade.com.br\/star-vie\/#breadcrumb","itemListElement":[{"@type":"ListItem","position":1,"name":"In\u00edcio","item":"https:\/\/sbtrade.com.br\/"},{"@type":"ListItem","position":2,"name":"StarVie"}]},{"@type":"WebSite","@id":"https:\/\/sbtrade.com.br\/#website","url":"https:\/\/sbtrade.com.br\/","name":"SB Trade","description":"SB Trade Com\u00e9rcio Exterior - Importa\u00e7\u00e3o, Exporta\u00e7\u00e3o e Assessoria.","publisher":{"@id":"https:\/\/sbtrade.com.br\/#organization"},"potentialAction":[{"@type":"SearchAction","target":{"@type":"EntryPoint","urlTemplate":"https:\/\/sbtrade.com.br\/?s={search_term_string}"},"query-input":{"@type":"PropertyValueSpecification","valueRequired":true,"valueName":"search_term_string"}}],"inLanguage":"en-US"},{"@type":"Organization","@id":"https:\/\/sbtrade.com.br\/#organization","name":"SB Trade","url":"https:\/\/sbtrade.com.br\/","logo":{"@type":"ImageObject","inLanguage":"en-US","@id":"https:\/\/sbtrade.com.br\/#\/schema\/logo\/image\/","url":"https:\/\/sbtrade.com.br\/wp-content\/uploads\/2023\/01\/Logo-SB-AZUL-1.png","contentUrl":"https:\/\/sbtrade.com.br\/wp-content\/uploads\/2023\/01\/Logo-SB-AZUL-1.png","width":467,"height":199,"caption":"SB Trade"},"image":{"@id":"https:\/\/sbtrade.com.br\/#\/schema\/logo\/image\/"}}]}},"_links":{"self":[{"href":"https:\/\/sbtrade.com.br\/en\/wp-json\/wp\/v2\/pages\/1302","targetHints":{"allow":["GET"]}}],"collection":[{"href":"https:\/\/sbtrade.com.br\/en\/wp-json\/wp\/v2\/pages"}],"about":[{"href":"https:\/\/sbtrade.com.br\/en\/wp-json\/wp\/v2\/types\/page"}],"author":[{"embeddable":true,"href":"https:\/\/sbtrade.com.br\/en\/wp-json\/wp\/v2\/users\/1"}],"replies":[{"embeddable":true,"href":"https:\/\/sbtrade.com.br\/en\/wp-json\/wp\/v2\/comments?post=1302"}],"version-history":[{"count":9,"href":"https:\/\/sbtrade.com.br\/en\/wp-json\/wp\/v2\/pages\/1302\/revisions"}],"predecessor-version":[{"id":1902,"href":"https:\/\/sbtrade.com.br\/en\/wp-json\/wp\/v2\/pages\/1302\/revisions\/1902"}],"wp:attachment":[{"href":"https:\/\/sbtrade.com.br\/en\/wp-json\/wp\/v2\/media?parent=1302"}],"curies":[{"name":"wp","href":"https:\/\/api.w.org\/{rel}","templated":true}]}}